{"id":4392,"date":"2021-06-09T15:21:52","date_gmt":"2021-06-09T13:21:52","guid":{"rendered":"https:\/\/gran-hola.ch\/produit\/digitaler-geschenkgutschein\/"},"modified":"2022-11-21T14:06:10","modified_gmt":"2022-11-21T13:06:10","slug":"bon-cadeau-2","status":"publish","type":"product","link":"https:\/\/gran-hola.ch\/de\/produkt\/bon-cadeau-2\/","title":{"rendered":"Digitaler Geschenkgutschein"},"content":{"rendered":"<p>Gutschein g\u00fcltig f\u00fcr alle Produkte im Gran&#8217;Hola-Shop.<br \/>\nNicht mit anderen Gutscheinen oder Gutscheincodes kombinierbar.<\/p>\n","protected":false},"excerpt":{"rendered":"<p>Du m\u00f6chtest jemandem, der dir nahe steht, etwas Knuspriges schenken?<\/p>\n<p>Der gute Gran&#8217;Hola wird deine Geschmacksknospen zu jeder Tageszeit zum Schw\u00e4rmen bringen.<\/p>\n<p>Eine originelle Geschenkidee, die ein handwerkliches Kleinstunternehmen und biologische, glutenfreie und \u00f6kologisch verantwortungsvolle Produkte unterst\u00fctzt.<\/p>\n<p>W\u00e4hle den gew\u00fcnschten Betrag und die Person, der du ein leckeres, gesundes und k\u00f6stliches Fr\u00fchst\u00fcck, Brunch oder Snack schenken m\u00f6chtest.<\/p>\n","protected":false},"featured_media":3268,"comment_status":"closed","ping_status":"closed","template":"","meta":{"_acf_changed":false},"product_brand":[],"product_cat":[491],"product_tag":[484,485,486,499,487,482,488,489,500,502,498],"giftcard-category":[],"class_list":{"0":"post-4392","1":"product","2":"type-product","3":"status-publish","4":"has-post-thumbnail","6":"product_cat-granola-de-2","7":"product_tag-bio-de","8":"product_tag-biologisch","9":"product_tag-fruhstuck","10":"product_tag-glutenfrei","11":"product_tag-granola-de","12":"product_tag-handwerklich","13":"product_tag-lokal","14":"product_tag-muesli-de","15":"product_tag-schweizer","16":"product_tag-snack-de","17":"product_tag-vegan-de","19":"first","20":"instock","21":"virtual","22":"product-type-gift-card"},"acf":[],"yoast_head":"<!-- This site is optimized with the Yoast SEO plugin v27.4 - https:\/\/yoast.com\/product\/yoast-seo-wordpress\/ -->\n<title>Digitaler Geschenkgutschein &#8211; Gran&#039;Hola<\/title>\n<meta name=\"description\" content=\"Bio-Granola &amp; Latte, glutenfrei und vegan! Schweizer Handwerkskunst f\u00fcr dein Fr\u00fchst\u00fcck oder einen gesunden Snack!\" \/>\n<meta name=\"robots\" content=\"index, follow, max-snippet:-1, max-image-preview:large, max-video-preview:-1\" \/>\n<link rel=\"canonical\" href=\"https:\/\/gran-hola.ch\/de\/produkt\/bon-cadeau-2\/\" \/>\n<meta property=\"og:locale\" content=\"de_DE\" \/>\n<meta property=\"og:type\" content=\"article\" \/>\n<meta property=\"og:title\" content=\"Digitaler Geschenkgutschein &#8211; Gran&#039;Hola\" \/>\n<meta property=\"og:description\" content=\"Bio-Granola &amp; Latte, glutenfrei und vegan! Schweizer Handwerkskunst f\u00fcr dein Fr\u00fchst\u00fcck oder einen gesunden Snack!\" \/>\n<meta property=\"og:url\" content=\"https:\/\/gran-hola.ch\/de\/produkt\/bon-cadeau-2\/\" \/>\n<meta property=\"og:site_name\" content=\"Gran&#039;Hola\" \/>\n<meta property=\"article:publisher\" content=\"https:\/\/www.facebook.com\/granhola.ch\/\" \/>\n<meta property=\"article:modified_time\" content=\"2022-11-21T13:06:10+00:00\" \/>\n<meta property=\"og:image\" content=\"https:\/\/gran-hola.ch\/wp-content\/uploads\/2021\/06\/granhola-gift-card.png\" \/>\n\t<meta property=\"og:image:width\" content=\"1600\" \/>\n\t<meta property=\"og:image:height\" content=\"1200\" \/>\n\t<meta property=\"og:image:type\" content=\"image\/png\" \/>\n<meta name=\"twitter:card\" content=\"summary_large_image\" \/>\n<script type=\"application\/ld+json\" class=\"yoast-schema-graph\">{\"@context\":\"https:\\\/\\\/schema.org\",\"@graph\":[{\"@type\":\"WebPage\",\"@id\":\"https:\\\/\\\/gran-hola.ch\\\/de\\\/produkt\\\/bon-cadeau-2\\\/\",\"url\":\"https:\\\/\\\/gran-hola.ch\\\/de\\\/produkt\\\/bon-cadeau-2\\\/\",\"name\":\"Digitaler Geschenkgutschein &#8211; Gran&#039;Hola\",\"isPartOf\":{\"@id\":\"https:\\\/\\\/gran-hola.ch\\\/de\\\/#website\"},\"primaryImageOfPage\":{\"@id\":\"https:\\\/\\\/gran-hola.ch\\\/de\\\/produkt\\\/bon-cadeau-2\\\/#primaryimage\"},\"image\":{\"@id\":\"https:\\\/\\\/gran-hola.ch\\\/de\\\/produkt\\\/bon-cadeau-2\\\/#primaryimage\"},\"thumbnailUrl\":\"https:\\\/\\\/i0.wp.com\\\/gran-hola.ch\\\/wp-content\\\/uploads\\\/2021\\\/06\\\/granhola-gift-card.png?fit=1600%2C1200&ssl=1\",\"datePublished\":\"2021-06-09T13:21:52+00:00\",\"dateModified\":\"2022-11-21T13:06:10+00:00\",\"description\":\"Bio-Granola & Latte, glutenfrei und vegan! Schweizer Handwerkskunst f\u00fcr dein Fr\u00fchst\u00fcck oder einen gesunden Snack!\",\"breadcrumb\":{\"@id\":\"https:\\\/\\\/gran-hola.ch\\\/de\\\/produkt\\\/bon-cadeau-2\\\/#breadcrumb\"},\"inLanguage\":\"de\",\"potentialAction\":[{\"@type\":\"ReadAction\",\"target\":[\"https:\\\/\\\/gran-hola.ch\\\/de\\\/produkt\\\/bon-cadeau-2\\\/\"]}]},{\"@type\":\"ImageObject\",\"inLanguage\":\"de\",\"@id\":\"https:\\\/\\\/gran-hola.ch\\\/de\\\/produkt\\\/bon-cadeau-2\\\/#primaryimage\",\"url\":\"https:\\\/\\\/i0.wp.com\\\/gran-hola.ch\\\/wp-content\\\/uploads\\\/2021\\\/06\\\/granhola-gift-card.png?fit=1600%2C1200&ssl=1\",\"contentUrl\":\"https:\\\/\\\/i0.wp.com\\\/gran-hola.ch\\\/wp-content\\\/uploads\\\/2021\\\/06\\\/granhola-gift-card.png?fit=1600%2C1200&ssl=1\",\"width\":1600,\"height\":1200},{\"@type\":\"BreadcrumbList\",\"@id\":\"https:\\\/\\\/gran-hola.ch\\\/de\\\/produkt\\\/bon-cadeau-2\\\/#breadcrumb\",\"itemListElement\":[{\"@type\":\"ListItem\",\"position\":1,\"name\":\"Accueil\",\"item\":\"https:\\\/\\\/gran-hola.ch\\\/de\\\/\"},{\"@type\":\"ListItem\",\"position\":2,\"name\":\"Shop\",\"item\":\"https:\\\/\\\/gran-hola.ch\\\/de\\\/shop\\\/\"},{\"@type\":\"ListItem\",\"position\":3,\"name\":\"Digitaler Geschenkgutschein\"}]},{\"@type\":\"WebSite\",\"@id\":\"https:\\\/\\\/gran-hola.ch\\\/de\\\/#website\",\"url\":\"https:\\\/\\\/gran-hola.ch\\\/de\\\/\",\"name\":\"Gran&#039;Hola\",\"description\":\"Granola artisanal, bio et sans gluten\",\"publisher\":{\"@id\":\"https:\\\/\\\/gran-hola.ch\\\/de\\\/#organization\"},\"potentialAction\":[{\"@type\":\"SearchAction\",\"target\":{\"@type\":\"EntryPoint\",\"urlTemplate\":\"https:\\\/\\\/gran-hola.ch\\\/de\\\/?s={search_term_string}\"},\"query-input\":{\"@type\":\"PropertyValueSpecification\",\"valueRequired\":true,\"valueName\":\"search_term_string\"}}],\"inLanguage\":\"de\"},{\"@type\":\"Organization\",\"@id\":\"https:\\\/\\\/gran-hola.ch\\\/de\\\/#organization\",\"name\":\"Gran'Hola\",\"url\":\"https:\\\/\\\/gran-hola.ch\\\/de\\\/\",\"logo\":{\"@type\":\"ImageObject\",\"inLanguage\":\"de\",\"@id\":\"https:\\\/\\\/gran-hola.ch\\\/de\\\/#\\\/schema\\\/logo\\\/image\\\/\",\"url\":\"https:\\\/\\\/gran-hola.ch\\\/wp-content\\\/uploads\\\/2020\\\/04\\\/logo-granola-new.png\",\"contentUrl\":\"https:\\\/\\\/gran-hola.ch\\\/wp-content\\\/uploads\\\/2020\\\/04\\\/logo-granola-new.png\",\"width\":340,\"height\":296,\"caption\":\"Gran'Hola\"},\"image\":{\"@id\":\"https:\\\/\\\/gran-hola.ch\\\/de\\\/#\\\/schema\\\/logo\\\/image\\\/\"},\"sameAs\":[\"https:\\\/\\\/www.facebook.com\\\/granhola.ch\\\/\",\"https:\\\/\\\/www.instagram.com\\\/granhola.ch\\\/\",\"https:\\\/\\\/www.linkedin.com\\\/company\\\/gran-hola\\\/\"]}]}<\/script>\n<!-- \/ Yoast SEO plugin. -->","yoast_head_json":{"title":"Digitaler Geschenkgutschein &#8211; Gran&#039;Hola","description":"Bio-Granola & Latte, glutenfrei und vegan! Schweizer Handwerkskunst f\u00fcr dein Fr\u00fchst\u00fcck oder einen gesunden Snack!","robots":{"index":"index","follow":"follow","max-snippet":"max-snippet:-1","max-image-preview":"max-image-preview:large","max-video-preview":"max-video-preview:-1"},"canonical":"https:\/\/gran-hola.ch\/de\/produkt\/bon-cadeau-2\/","og_locale":"de_DE","og_type":"article","og_title":"Digitaler Geschenkgutschein &#8211; Gran&#039;Hola","og_description":"Bio-Granola & Latte, glutenfrei und vegan! Schweizer Handwerkskunst f\u00fcr dein Fr\u00fchst\u00fcck oder einen gesunden Snack!","og_url":"https:\/\/gran-hola.ch\/de\/produkt\/bon-cadeau-2\/","og_site_name":"Gran&#039;Hola","article_publisher":"https:\/\/www.facebook.com\/granhola.ch\/","article_modified_time":"2022-11-21T13:06:10+00:00","og_image":[{"width":1600,"height":1200,"url":"https:\/\/gran-hola.ch\/wp-content\/uploads\/2021\/06\/granhola-gift-card.png","type":"image\/png"}],"twitter_card":"summary_large_image","schema":{"@context":"https:\/\/schema.org","@graph":[{"@type":"WebPage","@id":"https:\/\/gran-hola.ch\/de\/produkt\/bon-cadeau-2\/","url":"https:\/\/gran-hola.ch\/de\/produkt\/bon-cadeau-2\/","name":"Digitaler Geschenkgutschein &#8211; Gran&#039;Hola","isPartOf":{"@id":"https:\/\/gran-hola.ch\/de\/#website"},"primaryImageOfPage":{"@id":"https:\/\/gran-hola.ch\/de\/produkt\/bon-cadeau-2\/#primaryimage"},"image":{"@id":"https:\/\/gran-hola.ch\/de\/produkt\/bon-cadeau-2\/#primaryimage"},"thumbnailUrl":"https:\/\/i0.wp.com\/gran-hola.ch\/wp-content\/uploads\/2021\/06\/granhola-gift-card.png?fit=1600%2C1200&ssl=1","datePublished":"2021-06-09T13:21:52+00:00","dateModified":"2022-11-21T13:06:10+00:00","description":"Bio-Granola & Latte, glutenfrei und vegan! Schweizer Handwerkskunst f\u00fcr dein Fr\u00fchst\u00fcck oder einen gesunden Snack!","breadcrumb":{"@id":"https:\/\/gran-hola.ch\/de\/produkt\/bon-cadeau-2\/#breadcrumb"},"inLanguage":"de","potentialAction":[{"@type":"ReadAction","target":["https:\/\/gran-hola.ch\/de\/produkt\/bon-cadeau-2\/"]}]},{"@type":"ImageObject","inLanguage":"de","@id":"https:\/\/gran-hola.ch\/de\/produkt\/bon-cadeau-2\/#primaryimage","url":"https:\/\/i0.wp.com\/gran-hola.ch\/wp-content\/uploads\/2021\/06\/granhola-gift-card.png?fit=1600%2C1200&ssl=1","contentUrl":"https:\/\/i0.wp.com\/gran-hola.ch\/wp-content\/uploads\/2021\/06\/granhola-gift-card.png?fit=1600%2C1200&ssl=1","width":1600,"height":1200},{"@type":"BreadcrumbList","@id":"https:\/\/gran-hola.ch\/de\/produkt\/bon-cadeau-2\/#breadcrumb","itemListElement":[{"@type":"ListItem","position":1,"name":"Accueil","item":"https:\/\/gran-hola.ch\/de\/"},{"@type":"ListItem","position":2,"name":"Shop","item":"https:\/\/gran-hola.ch\/de\/shop\/"},{"@type":"ListItem","position":3,"name":"Digitaler Geschenkgutschein"}]},{"@type":"WebSite","@id":"https:\/\/gran-hola.ch\/de\/#website","url":"https:\/\/gran-hola.ch\/de\/","name":"Gran&#039;Hola","description":"Granola artisanal, bio et sans gluten","publisher":{"@id":"https:\/\/gran-hola.ch\/de\/#organization"},"potentialAction":[{"@type":"SearchAction","target":{"@type":"EntryPoint","urlTemplate":"https:\/\/gran-hola.ch\/de\/?s={search_term_string}"},"query-input":{"@type":"PropertyValueSpecification","valueRequired":true,"valueName":"search_term_string"}}],"inLanguage":"de"},{"@type":"Organization","@id":"https:\/\/gran-hola.ch\/de\/#organization","name":"Gran'Hola","url":"https:\/\/gran-hola.ch\/de\/","logo":{"@type":"ImageObject","inLanguage":"de","@id":"https:\/\/gran-hola.ch\/de\/#\/schema\/logo\/image\/","url":"https:\/\/gran-hola.ch\/wp-content\/uploads\/2020\/04\/logo-granola-new.png","contentUrl":"https:\/\/gran-hola.ch\/wp-content\/uploads\/2020\/04\/logo-granola-new.png","width":340,"height":296,"caption":"Gran'Hola"},"image":{"@id":"https:\/\/gran-hola.ch\/de\/#\/schema\/logo\/image\/"},"sameAs":["https:\/\/www.facebook.com\/granhola.ch\/","https:\/\/www.instagram.com\/granhola.ch\/","https:\/\/www.linkedin.com\/company\/gran-hola\/"]}]}},"jetpack_sharing_enabled":true,"_links":{"self":[{"href":"https:\/\/gran-hola.ch\/de\/wp-json\/wp\/v2\/product\/4392","targetHints":{"allow":["GET"]}}],"collection":[{"href":"https:\/\/gran-hola.ch\/de\/wp-json\/wp\/v2\/product"}],"about":[{"href":"https:\/\/gran-hola.ch\/de\/wp-json\/wp\/v2\/types\/product"}],"replies":[{"embeddable":true,"href":"https:\/\/gran-hola.ch\/de\/wp-json\/wp\/v2\/comments?post=4392"}],"wp:featuredmedia":[{"embeddable":true,"href":"https:\/\/gran-hola.ch\/de\/wp-json\/wp\/v2\/media\/3268"}],"wp:attachment":[{"href":"https:\/\/gran-hola.ch\/de\/wp-json\/wp\/v2\/media?parent=4392"}],"wp:term":[{"taxonomy":"product_brand","embeddable":true,"href":"https:\/\/gran-hola.ch\/de\/wp-json\/wp\/v2\/product_brand?post=4392"},{"taxonomy":"product_cat","embeddable":true,"href":"https:\/\/gran-hola.ch\/de\/wp-json\/wp\/v2\/product_cat?post=4392"},{"taxonomy":"product_tag","embeddable":true,"href":"https:\/\/gran-hola.ch\/de\/wp-json\/wp\/v2\/product_tag?post=4392"},{"taxonomy":"giftcard-category","embeddable":true,"href":"https:\/\/gran-hola.ch\/de\/wp-json\/wp\/v2\/giftcard-category?post=4392"}],"curies":[{"name":"wp","href":"https:\/\/api.w.org\/{rel}","templated":true}]}}