{"id":3895,"date":"2022-06-07T16:01:48","date_gmt":"2022-06-07T14:01:48","guid":{"rendered":"https:\/\/gran-hola.ch\/?post_type=product&#038;p=3895"},"modified":"2024-01-10T20:23:03","modified_gmt":"2024-01-10T19:23:03","slug":"golden-latte-bio-60g","status":"publish","type":"product","link":"https:\/\/gran-hola.ch\/de\/produkt\/golden-latte-bio-60g\/","title":{"rendered":"Bio Golden Latte 60g"},"content":{"rendered":"<p>Zutaten: Kurkuma 43%, Ingwer 22%, <strong>Ceylon-Zimt<\/strong>, Kardamom<strong>,<\/strong> Fenchel, <strong>schwarzer Pfeffer<\/strong>.<\/p>\n<p>Alle Zutaten landwirtschaftlichen Ursprungs stammen aus kontrolliert biologischem Anbau.<\/p>\n<p><strong>Potenziell allergene Produkte<\/strong><\/p>\n<hr class=\"sep\">\n<p>Bio-Zertifizierung: CH-BIO-006, bio.inspecta AG<\/p>\n<p>Haltbarkeitsdauer: 12 Monate ab Produktion.<br \/>\nAn einem k\u00fchlen und trockenen Ort aufbewahren.<\/p>\n<p>Versand: Von uns von Hand verpackt und versiegelt. Wird innerhalb von 7 Werktagen per Postversand in die ganze Schweiz versandt. <strong>KOSTENLOSE<\/strong> versandkosten bei bestellungen <strong>ab 100 chf<\/strong>!<\/p>\n<hr>\n<p><span style=\"font-size: 18px;\"><strong><span style=\"color: #b59357;\">Der Ursprung\/die Idee<\/span><\/strong><\/span><\/p>\n<p>Was ist ein <strong>Golden Milk<\/strong>?<\/p>\n<p>Golden Milk oder Golden Latte bedeutet w\u00f6rtlich \u00fcbersetzt <strong>&#8222;goldene Milch&#8220;<\/strong>. Ein traditionelles Getr\u00e4nk aus dem <strong>Ayurveda<\/strong> (traditionelle indische Medizin), das aus einer Gew\u00fcrzmischung besteht, die in hei\u00dfe Milch gegeben wird. Die Basis dieser Gew\u00fcrze ist <strong>Kurkuma<\/strong>, eine Pflanze mit einer goldenen Farbe, die diesem Gesundheitsritual daher auch seinen Namen gibt. Es handelt sich um eine indische Mischung mit zahlreichen Vorteilen f\u00fcr den K\u00f6rper mit seiner entz\u00fcndungshemmenden und immunit\u00e4tsf\u00f6rdernden Wirkung dank des in der Kurkuma enthaltenen Curcumins.<\/p>\n<p>Da wir auf eine gesunde und leckere Ern\u00e4hrung achten und Anh\u00e4nger dieses Getr\u00e4nks sind, das in einigen Caf\u00e9s serviert wird, haben wir beschlossen, unsere eigene Mischung herzustellen, die die originalen ayurvedischen Gew\u00fcrze ber\u00fccksichtigt. Dieses Produkt vereint auf subtile Weise Geschmack und Tradition f\u00fcr einen Moment des Genusses und <strong>boostet dank seiner Kombination deine Immunit\u00e4t<\/strong>.<\/p>\n<hr>\n<p><span style=\"font-size: 18px;\"><strong><span style=\"color: #b59357;\">Superfood<\/span><\/strong><\/span><\/p>\n<p><span style=\"color: #ff9900;\"><strong><em>Kurkuma: <\/em><\/strong><\/span>Kurkuma ist seit Jahrtausenden f\u00fcr ihre entz\u00fcndungshemmende Wirkung und den Kampf gegen chronische Krankheiten bekannt und anerkannt und ist eine wahre nat\u00fcrliche Goldgrube. Diese aus Asien stammende Pflanze erm\u00f6glicht auch die Regeneration von Zellen, z. B. nach einem Unfall oder einer Anstrengung. Seine Wirkstoffe f\u00f6rdern eine schnellere <strong>Erholung<\/strong> des K\u00f6rpers. Au\u00dferdem verbessert es <strong>die Durchblutung<\/strong> und tr\u00e4gt zum Schutz der Gelenke bei. Schlie\u00dflich f\u00f6rdert es die reibungslose Funktion <strong>des Verdauungssystems<\/strong>, indem es insbesondere die Gallensekretion anregt.<\/p>\n<p><span style=\"color: #ff9900;\"><b><i>Ingwer:<\/i><\/b><\/span> Diese aus dem asiatischen Kontinent stammende Wurzel muss nicht mehr vorgestellt werden, da sie so h\u00e4ufig im Rahmen einer gesunden Ern\u00e4hrung verwendet wird. Ingwer wird aufgrund seines <strong>Reichtums an Antioxidantien<\/strong> und seiner vielf\u00e4ltigen Verwendungsm\u00f6glichkeiten sehr regelm\u00e4\u00dfig mit dem Immunsystem in Verbindung gebracht. Die Besonderheit beim Verzehr als Pulver besteht darin, dass einige seiner Eigenschaften bei Hitze freigesetzt werden. Als echter <strong>nat\u00fcrlicher Entz\u00fcndungshemmer<\/strong> hat er eine starke Wirkung gegen bestimmte Zust\u00e4nde wie Erk\u00e4ltungen, Grippe und hilft, bestimmte Schmerzen zu lindern.<\/p>\n<p><span style=\"color: #ff9900;\"><strong><em>Ceylan Zimt<\/em>:<\/strong><\/span> Ein Gew\u00fcrz, das f\u00fcr den K\u00f6rper sehr wertvoll ist! Es ist f\u00fcr seine <strong>Wirkung auf den Blutzuckerspiegel<\/strong> bekannt und wird in der <strong>ayurvedischen Medizin<\/strong> h\u00e4ufig bei Atemwegs- und Verdauungsproblemen eingesetzt. Da sie auch antimikrobielle Wirkungen besitzt, wird sie wegen ihres besonderen Geschmacks und ihrer <strong>entz\u00fcndungshemmenden Wirkung<\/strong> regelm\u00e4\u00dfig verzehrt. Zimt ist ein Anti-Karzinogen, Antioxidans und Anti-Virus. Du wirst es verstehen, Zimt ist dein bester Verb\u00fcndeter, um K\u00f6rper und Geist zu st\u00e4rken!<\/p>\n<hr>\n<p><span style=\"color: #b59357; font-size: 18px;\"><strong>Wie sollte man unsere Latte konsumieren?<\/strong><\/span><\/p>\n<p>Ob als <strong>hei\u00dfes oder kaltes Getr\u00e4nk<\/strong>, unsere Pulvermischungen eignen sich perfekt f\u00fcr das <strong>Fr\u00fchst\u00fcck oder jede andere Zeit des Tages<\/strong>, in der die M\u00fcdigkeit sich bemerkbar macht!<\/p>\n<p>Dies zu tun ist ganz einfach:<\/p>\n<ul>\n<li>Gib <strong>1 Teel\u00f6ffel unseres Golden Latte<\/strong> in dein sch\u00f6nstes Glas, deine Tasse oder deinen Becher.<\/li>\n<li>Gib <strong>2dl Pflanzen- oder Kuhmilch<\/strong> (am besten Biomilch) hinzu.<\/li>\n<li><strong>Mische kr\u00e4ftig<\/strong> mit einem Handmixer oder Schneebesen, um Klumpen zu zerschlagen<\/li>\n<li>Jetzt musst du nur noch dein Getr\u00e4nk an einem ruhigen und beruhigenden Ort <strong>genie\u00dfen<\/strong>, um wieder auf den richtigen Weg zu kommen. Es enth\u00e4lt keinen Zuckerzusatz und sein Geschmack ist dank der subtilen Kombination von Gew\u00fcrzen w\u00fcrzig, was ein wahres Geschmackserlebnis ist und deine Energie und Immunit\u00e4t steigert!<\/li>\n<\/ul>\n\n<p>Entdecke im Video die Barista-Version der Zubereitung unserer Latte:<\/p>\n\n<div style=\"width: 720px;\" class=\"wp-video\"><video class=\"wp-video-shortcode\" id=\"video-3895-1\" width=\"720\" height=\"1280\" preload=\"metadata\" controls=\"controls\"><source type=\"video\/mp4\" src=\"https:\/\/gran-hola.ch\/wp-content\/uploads\/2022\/06\/10000000_1247216632692635_5158949392208689021_n.mp4?_=1\" \/><a href=\"https:\/\/gran-hola.ch\/wp-content\/uploads\/2022\/06\/10000000_1247216632692635_5158949392208689021_n.mp4\">https:\/\/gran-hola.ch\/wp-content\/uploads\/2022\/06\/10000000_1247216632692635_5158949392208689021_n.mp4<\/a><\/video><\/div>\n","protected":false},"excerpt":{"rendered":"<p><strong>Kurkuma &amp; Ingwer<\/strong><\/p>\n<p>Eine Energiebombe mit ayurvedischen Gew\u00fcrzen, um deine Energie und Immunit\u00e4t zu steigern!<\/p>\n<p>Entdecke unsere k\u00f6stliche und cremige Mischung <strong>f\u00fcr einen gesunden und n\u00e4hrstoffreichen Gourmet-Drink!<\/strong><br \/>\nReich an Antioxidantien und entz\u00fcndungshemmend, eine perfekte Alternative zu Kaffee und eine originelle Version der traditionellen Golden Milk.<\/p>\n<p>Auf der Basis von Kurkuma, einer Pflanze mit vielen N\u00e4hrstoffen, die die Erholung f\u00f6rdern, und in Kombination mit Ingwer und Zimt regt sie deinen Organismus an.<\/p>\n<p>Ohne Zuckerzusatz und 100 % pflanzlich.<\/p>\n<p>Mit hochwertigen Bio-Zutaten und in <strong>2 Minuten fertig<\/strong>!<\/p>\n<p>1 Packung = 12 Tassen<\/p>\n<p>&nbsp;<\/p>\n","protected":false},"featured_media":3989,"comment_status":"open","ping_status":"closed","template":"","meta":{"_acf_changed":false},"product_brand":[],"product_cat":[15],"product_tag":[832,773,483,484,485,668,765,771,835,486,659,499,842,841,482,844,838,840,843,766,833,488,837,667,767,500,834,769,768,498,770,836,839],"giftcard-category":[],"class_list":{"0":"post-3895","1":"product","2":"type-product","3":"status-publish","4":"has-post-thumbnail","6":"label-energie-immunitat","7":"product_cat-non-classe","8":"product_tag-anti-stress-de","9":"product_tag-ayurveda-de","10":"product_tag-biel","11":"product_tag-bio-de","12":"product_tag-biologisch","13":"product_tag-brunch-de","14":"product_tag-drink","15":"product_tag-energie-de","16":"product_tag-ernahrung","17":"product_tag-fruhstuck","18":"product_tag-fruhstuck-de-2","19":"product_tag-glutenfrei","20":"product_tag-golden-latte-de","21":"product_tag-golden-milk-de","22":"product_tag-handwerklich","23":"product_tag-inde-de","24":"product_tag-ingwer","25":"product_tag-kurkuma","26":"product_tag-lait-dor-de","27":"product_tag-latte-de","28":"product_tag-leistung","29":"product_tag-lokal","30":"product_tag-mineralstoffe","31":"product_tag-ohne-zucker","32":"product_tag-pulver","33":"product_tag-schweizer","34":"product_tag-sport-de","35":"product_tag-superfood-de-2","36":"product_tag-superfood-de","37":"product_tag-vegan-de","38":"product_tag-vitalitat","39":"product_tag-vitamin","40":"product_tag-zimt","42":"first","43":"instock","44":"featured","45":"shipping-taxable","46":"purchasable","47":"product-type-simple"},"acf":[],"yoast_head":"<!-- This site is optimized with the Yoast SEO plugin v27.4 - https:\/\/yoast.com\/product\/yoast-seo-wordpress\/ -->\n<title>Getr\u00e4nke-Mix&#8211; Bio Golden Latte 60g &#8211; Gran&#039;Hola<\/title>\n<meta name=\"description\" content=\"Entdecke unsere traditionelle ayurvedische Mischung, um deine Energie zu steigern! Entdecke unsere traditionelle ayurvedische Mischung, um deine Energie zu steigern! Zuckerfrei\/100% pflanzlich.\" \/>\n<meta name=\"robots\" content=\"index, follow, max-snippet:-1, max-image-preview:large, max-video-preview:-1\" \/>\n<link rel=\"canonical\" href=\"https:\/\/gran-hola.ch\/de\/produkt\/golden-latte-bio-60g\/\" \/>\n<meta property=\"og:locale\" content=\"de_DE\" \/>\n<meta property=\"og:type\" content=\"article\" \/>\n<meta property=\"og:title\" content=\"Getr\u00e4nke-Mix&#8211; Bio Golden Latte 60g &#8211; Gran&#039;Hola\" \/>\n<meta property=\"og:description\" content=\"Entdecke unsere traditionelle ayurvedische Mischung, um deine Energie zu steigern! Entdecke unsere traditionelle ayurvedische Mischung, um deine Energie zu steigern! Zuckerfrei\/100% pflanzlich.\" \/>\n<meta property=\"og:url\" content=\"https:\/\/gran-hola.ch\/de\/produkt\/golden-latte-bio-60g\/\" \/>\n<meta property=\"og:site_name\" content=\"Gran&#039;Hola\" \/>\n<meta property=\"article:publisher\" content=\"https:\/\/www.facebook.com\/granhola.ch\/\" \/>\n<meta property=\"article:modified_time\" content=\"2024-01-10T19:23:03+00:00\" \/>\n<meta property=\"og:image\" content=\"https:\/\/gran-hola.ch\/wp-content\/uploads\/2022\/06\/20220629-Mlanges-pour-boissons-_-00029-2.jpg\" \/>\n\t<meta property=\"og:image:width\" content=\"2048\" \/>\n\t<meta property=\"og:image:height\" content=\"2048\" \/>\n\t<meta property=\"og:image:type\" content=\"image\/jpeg\" \/>\n<meta name=\"twitter:card\" content=\"summary_large_image\" \/>\n<meta name=\"twitter:label1\" content=\"Gesch\u00e4tzte Lesezeit\" \/>\n\t<meta name=\"twitter:data1\" content=\"2\u00a0Minuten\" \/>\n<script type=\"application\/ld+json\" class=\"yoast-schema-graph\">{\"@context\":\"https:\\\/\\\/schema.org\",\"@graph\":[{\"@type\":\"WebPage\",\"@id\":\"https:\\\/\\\/gran-hola.ch\\\/de\\\/produkt\\\/golden-latte-bio-60g\\\/\",\"url\":\"https:\\\/\\\/gran-hola.ch\\\/de\\\/produkt\\\/golden-latte-bio-60g\\\/\",\"name\":\"Getr\u00e4nke-Mix&#8211; Bio Golden Latte 60g &#8211; Gran&#039;Hola\",\"isPartOf\":{\"@id\":\"https:\\\/\\\/gran-hola.ch\\\/de\\\/#website\"},\"primaryImageOfPage\":{\"@id\":\"https:\\\/\\\/gran-hola.ch\\\/de\\\/produkt\\\/golden-latte-bio-60g\\\/#primaryimage\"},\"image\":{\"@id\":\"https:\\\/\\\/gran-hola.ch\\\/de\\\/produkt\\\/golden-latte-bio-60g\\\/#primaryimage\"},\"thumbnailUrl\":\"https:\\\/\\\/i0.wp.com\\\/gran-hola.ch\\\/wp-content\\\/uploads\\\/2022\\\/06\\\/20220629-Mlanges-pour-boissons-_-00029-2.jpg?fit=2048%2C2048&ssl=1\",\"datePublished\":\"2022-06-07T14:01:48+00:00\",\"dateModified\":\"2024-01-10T19:23:03+00:00\",\"description\":\"Entdecke unsere traditionelle ayurvedische Mischung, um deine Energie zu steigern! Entdecke unsere traditionelle ayurvedische Mischung, um deine Energie zu steigern! Zuckerfrei\\\/100% pflanzlich.\",\"breadcrumb\":{\"@id\":\"https:\\\/\\\/gran-hola.ch\\\/de\\\/produkt\\\/golden-latte-bio-60g\\\/#breadcrumb\"},\"inLanguage\":\"de\",\"potentialAction\":[{\"@type\":\"ReadAction\",\"target\":[\"https:\\\/\\\/gran-hola.ch\\\/de\\\/produkt\\\/golden-latte-bio-60g\\\/\"]}]},{\"@type\":\"ImageObject\",\"inLanguage\":\"de\",\"@id\":\"https:\\\/\\\/gran-hola.ch\\\/de\\\/produkt\\\/golden-latte-bio-60g\\\/#primaryimage\",\"url\":\"https:\\\/\\\/i0.wp.com\\\/gran-hola.ch\\\/wp-content\\\/uploads\\\/2022\\\/06\\\/20220629-Mlanges-pour-boissons-_-00029-2.jpg?fit=2048%2C2048&ssl=1\",\"contentUrl\":\"https:\\\/\\\/i0.wp.com\\\/gran-hola.ch\\\/wp-content\\\/uploads\\\/2022\\\/06\\\/20220629-Mlanges-pour-boissons-_-00029-2.jpg?fit=2048%2C2048&ssl=1\",\"width\":2048,\"height\":2048,\"caption\":\"Goldene Latte Kurkuma &amp; Ingwer\"},{\"@type\":\"BreadcrumbList\",\"@id\":\"https:\\\/\\\/gran-hola.ch\\\/de\\\/produkt\\\/golden-latte-bio-60g\\\/#breadcrumb\",\"itemListElement\":[{\"@type\":\"ListItem\",\"position\":1,\"name\":\"Accueil\",\"item\":\"https:\\\/\\\/gran-hola.ch\\\/de\\\/\"},{\"@type\":\"ListItem\",\"position\":2,\"name\":\"Shop\",\"item\":\"https:\\\/\\\/gran-hola.ch\\\/de\\\/shop\\\/\"},{\"@type\":\"ListItem\",\"position\":3,\"name\":\"Bio Golden Latte 60g\"}]},{\"@type\":\"WebSite\",\"@id\":\"https:\\\/\\\/gran-hola.ch\\\/de\\\/#website\",\"url\":\"https:\\\/\\\/gran-hola.ch\\\/de\\\/\",\"name\":\"Gran&#039;Hola\",\"description\":\"Granola artisanal, bio et sans gluten\",\"publisher\":{\"@id\":\"https:\\\/\\\/gran-hola.ch\\\/de\\\/#organization\"},\"potentialAction\":[{\"@type\":\"SearchAction\",\"target\":{\"@type\":\"EntryPoint\",\"urlTemplate\":\"https:\\\/\\\/gran-hola.ch\\\/de\\\/?s={search_term_string}\"},\"query-input\":{\"@type\":\"PropertyValueSpecification\",\"valueRequired\":true,\"valueName\":\"search_term_string\"}}],\"inLanguage\":\"de\"},{\"@type\":\"Organization\",\"@id\":\"https:\\\/\\\/gran-hola.ch\\\/de\\\/#organization\",\"name\":\"Gran'Hola\",\"url\":\"https:\\\/\\\/gran-hola.ch\\\/de\\\/\",\"logo\":{\"@type\":\"ImageObject\",\"inLanguage\":\"de\",\"@id\":\"https:\\\/\\\/gran-hola.ch\\\/de\\\/#\\\/schema\\\/logo\\\/image\\\/\",\"url\":\"https:\\\/\\\/gran-hola.ch\\\/wp-content\\\/uploads\\\/2020\\\/04\\\/logo-granola-new.png\",\"contentUrl\":\"https:\\\/\\\/gran-hola.ch\\\/wp-content\\\/uploads\\\/2020\\\/04\\\/logo-granola-new.png\",\"width\":340,\"height\":296,\"caption\":\"Gran'Hola\"},\"image\":{\"@id\":\"https:\\\/\\\/gran-hola.ch\\\/de\\\/#\\\/schema\\\/logo\\\/image\\\/\"},\"sameAs\":[\"https:\\\/\\\/www.facebook.com\\\/granhola.ch\\\/\",\"https:\\\/\\\/www.instagram.com\\\/granhola.ch\\\/\",\"https:\\\/\\\/www.linkedin.com\\\/company\\\/gran-hola\\\/\"]}]}<\/script>\n<!-- \/ Yoast SEO plugin. -->","yoast_head_json":{"title":"Getr\u00e4nke-Mix&#8211; Bio Golden Latte 60g &#8211; Gran&#039;Hola","description":"Entdecke unsere traditionelle ayurvedische Mischung, um deine Energie zu steigern! Entdecke unsere traditionelle ayurvedische Mischung, um deine Energie zu steigern! Zuckerfrei\/100% pflanzlich.","robots":{"index":"index","follow":"follow","max-snippet":"max-snippet:-1","max-image-preview":"max-image-preview:large","max-video-preview":"max-video-preview:-1"},"canonical":"https:\/\/gran-hola.ch\/de\/produkt\/golden-latte-bio-60g\/","og_locale":"de_DE","og_type":"article","og_title":"Getr\u00e4nke-Mix&#8211; Bio Golden Latte 60g &#8211; Gran&#039;Hola","og_description":"Entdecke unsere traditionelle ayurvedische Mischung, um deine Energie zu steigern! Entdecke unsere traditionelle ayurvedische Mischung, um deine Energie zu steigern! Zuckerfrei\/100% pflanzlich.","og_url":"https:\/\/gran-hola.ch\/de\/produkt\/golden-latte-bio-60g\/","og_site_name":"Gran&#039;Hola","article_publisher":"https:\/\/www.facebook.com\/granhola.ch\/","article_modified_time":"2024-01-10T19:23:03+00:00","og_image":[{"width":2048,"height":2048,"url":"https:\/\/gran-hola.ch\/wp-content\/uploads\/2022\/06\/20220629-Mlanges-pour-boissons-_-00029-2.jpg","type":"image\/jpeg"}],"twitter_card":"summary_large_image","twitter_misc":{"Gesch\u00e4tzte Lesezeit":"2\u00a0Minuten"},"schema":{"@context":"https:\/\/schema.org","@graph":[{"@type":"WebPage","@id":"https:\/\/gran-hola.ch\/de\/produkt\/golden-latte-bio-60g\/","url":"https:\/\/gran-hola.ch\/de\/produkt\/golden-latte-bio-60g\/","name":"Getr\u00e4nke-Mix&#8211; Bio Golden Latte 60g &#8211; Gran&#039;Hola","isPartOf":{"@id":"https:\/\/gran-hola.ch\/de\/#website"},"primaryImageOfPage":{"@id":"https:\/\/gran-hola.ch\/de\/produkt\/golden-latte-bio-60g\/#primaryimage"},"image":{"@id":"https:\/\/gran-hola.ch\/de\/produkt\/golden-latte-bio-60g\/#primaryimage"},"thumbnailUrl":"https:\/\/i0.wp.com\/gran-hola.ch\/wp-content\/uploads\/2022\/06\/20220629-Mlanges-pour-boissons-_-00029-2.jpg?fit=2048%2C2048&ssl=1","datePublished":"2022-06-07T14:01:48+00:00","dateModified":"2024-01-10T19:23:03+00:00","description":"Entdecke unsere traditionelle ayurvedische Mischung, um deine Energie zu steigern! Entdecke unsere traditionelle ayurvedische Mischung, um deine Energie zu steigern! Zuckerfrei\/100% pflanzlich.","breadcrumb":{"@id":"https:\/\/gran-hola.ch\/de\/produkt\/golden-latte-bio-60g\/#breadcrumb"},"inLanguage":"de","potentialAction":[{"@type":"ReadAction","target":["https:\/\/gran-hola.ch\/de\/produkt\/golden-latte-bio-60g\/"]}]},{"@type":"ImageObject","inLanguage":"de","@id":"https:\/\/gran-hola.ch\/de\/produkt\/golden-latte-bio-60g\/#primaryimage","url":"https:\/\/i0.wp.com\/gran-hola.ch\/wp-content\/uploads\/2022\/06\/20220629-Mlanges-pour-boissons-_-00029-2.jpg?fit=2048%2C2048&ssl=1","contentUrl":"https:\/\/i0.wp.com\/gran-hola.ch\/wp-content\/uploads\/2022\/06\/20220629-Mlanges-pour-boissons-_-00029-2.jpg?fit=2048%2C2048&ssl=1","width":2048,"height":2048,"caption":"Goldene Latte Kurkuma &amp; Ingwer"},{"@type":"BreadcrumbList","@id":"https:\/\/gran-hola.ch\/de\/produkt\/golden-latte-bio-60g\/#breadcrumb","itemListElement":[{"@type":"ListItem","position":1,"name":"Accueil","item":"https:\/\/gran-hola.ch\/de\/"},{"@type":"ListItem","position":2,"name":"Shop","item":"https:\/\/gran-hola.ch\/de\/shop\/"},{"@type":"ListItem","position":3,"name":"Bio Golden Latte 60g"}]},{"@type":"WebSite","@id":"https:\/\/gran-hola.ch\/de\/#website","url":"https:\/\/gran-hola.ch\/de\/","name":"Gran&#039;Hola","description":"Granola artisanal, bio et sans gluten","publisher":{"@id":"https:\/\/gran-hola.ch\/de\/#organization"},"potentialAction":[{"@type":"SearchAction","target":{"@type":"EntryPoint","urlTemplate":"https:\/\/gran-hola.ch\/de\/?s={search_term_string}"},"query-input":{"@type":"PropertyValueSpecification","valueRequired":true,"valueName":"search_term_string"}}],"inLanguage":"de"},{"@type":"Organization","@id":"https:\/\/gran-hola.ch\/de\/#organization","name":"Gran'Hola","url":"https:\/\/gran-hola.ch\/de\/","logo":{"@type":"ImageObject","inLanguage":"de","@id":"https:\/\/gran-hola.ch\/de\/#\/schema\/logo\/image\/","url":"https:\/\/gran-hola.ch\/wp-content\/uploads\/2020\/04\/logo-granola-new.png","contentUrl":"https:\/\/gran-hola.ch\/wp-content\/uploads\/2020\/04\/logo-granola-new.png","width":340,"height":296,"caption":"Gran'Hola"},"image":{"@id":"https:\/\/gran-hola.ch\/de\/#\/schema\/logo\/image\/"},"sameAs":["https:\/\/www.facebook.com\/granhola.ch\/","https:\/\/www.instagram.com\/granhola.ch\/","https:\/\/www.linkedin.com\/company\/gran-hola\/"]}]}},"jetpack_sharing_enabled":true,"_links":{"self":[{"href":"https:\/\/gran-hola.ch\/de\/wp-json\/wp\/v2\/product\/3895","targetHints":{"allow":["GET"]}}],"collection":[{"href":"https:\/\/gran-hola.ch\/de\/wp-json\/wp\/v2\/product"}],"about":[{"href":"https:\/\/gran-hola.ch\/de\/wp-json\/wp\/v2\/types\/product"}],"replies":[{"embeddable":true,"href":"https:\/\/gran-hola.ch\/de\/wp-json\/wp\/v2\/comments?post=3895"}],"wp:featuredmedia":[{"embeddable":true,"href":"https:\/\/gran-hola.ch\/de\/wp-json\/wp\/v2\/media\/3989"}],"wp:attachment":[{"href":"https:\/\/gran-hola.ch\/de\/wp-json\/wp\/v2\/media?parent=3895"}],"wp:term":[{"taxonomy":"product_brand","embeddable":true,"href":"https:\/\/gran-hola.ch\/de\/wp-json\/wp\/v2\/product_brand?post=3895"},{"taxonomy":"product_cat","embeddable":true,"href":"https:\/\/gran-hola.ch\/de\/wp-json\/wp\/v2\/product_cat?post=3895"},{"taxonomy":"product_tag","embeddable":true,"href":"https:\/\/gran-hola.ch\/de\/wp-json\/wp\/v2\/product_tag?post=3895"},{"taxonomy":"giftcard-category","embeddable":true,"href":"https:\/\/gran-hola.ch\/de\/wp-json\/wp\/v2\/giftcard-category?post=3895"}],"curies":[{"name":"wp","href":"https:\/\/api.w.org\/{rel}","templated":true}]}}