{"id":3637,"date":"2022-04-03T11:25:36","date_gmt":"2022-04-03T09:25:36","guid":{"rendered":"https:\/\/gran-hola.ch\/?post_type=product&#038;p=3637"},"modified":"2023-05-30T15:37:56","modified_gmt":"2023-05-30T13:37:56","slug":"granola-bio-la-classica-trio-pack-3x350g","status":"publish","type":"product","link":"https:\/\/gran-hola.ch\/de\/produkt\/granola-bio-la-classica-trio-pack-3x350g\/","title":{"rendered":"Bio Granola La Classica Trio Pack (3x350g)"},"content":{"rendered":"<p>Zutaten: Glutenfreie Haferflocken*, Sonnenblumenkerne*, Datteln*, <strong>Pekann\u00fcsse* 8.8%<\/strong>, Ahornsirup* 3.5%, Meersalz.<\/p>\n<p>*Alle Zutaten landwirtschaftlichen Ursprungs stammen aus biologischem Anbau.<\/p>\n<p><strong>Potenziell allergene Produkte<\/strong><\/p>\n<hr class=\"sep\">\n<p>Bio-Zertifizierung: CH-BIO-006, bio.inspecta AG<\/p>\n<p>Haltbarkeitsdauer: 9 Monate ab Produktion.<br \/>\nAn einem k\u00fchlen und trockenen Ort aufbewahren.<\/p>\n<p>Versand: Von uns von Hand verpackt und versiegelt. Schweizweit per Post innerhalb von 7-10 Werktagen verschickt. <strong>KOSTENLOSE<\/strong> versandkosten bei bestellungen <strong>ab 100 chf<\/strong>!<\/p>\n<p>Alle unsere Mischungen werden in einer <strong>handwerklichen glutenfreien Werkstatt<\/strong> hergestellt.<\/p>\n<hr>\n<p><span style=\"color: #b59357;\"><strong>Wie konsumiert man unser Granola?<\/strong><\/span><\/p>\n<p>Mische es mit einer Sch\u00fcssel mit Joghurt, Milch (vorzugsweise pflanzlicher Milch) und geschnittenem Obst.<br \/>\nOder konsumiere es als Snack am Nachmittag oder kurz vor einer sportlichen Aktivit\u00e4t.<br \/>\nUnsere Crunchy-Mischung, die reich an Ballaststoffen und Proteinen ist, verleiht dir den gewissen Gourmet-Touch und sorgt f\u00fcr einen echten Energie-Boost.<\/p>\n","protected":false},"excerpt":{"rendered":"<p><strong>Handgefertigtes bio Granola aus glutenfreien Haferflocken.<\/strong><\/p>\n<p>Er ist der Klassiker im Sortiment.<br \/>\nUnsere naturbelassene und knusprige Mischung mit Pekann\u00fcssen und Ahornsirup!<\/p>\n<p>Das Trio-Pack ist f\u00fcr grosse Schlemmer und Familien geeignet. Dar\u00fcber hinaus profitierst Du von einem g\u00fcnstigen Preis, um du deinen Grundstock an guten N\u00e4hrstoffen wieder aufzuf\u00fcllen!<\/p>\n<p>&nbsp;<\/p>\n","protected":false},"featured_media":3835,"comment_status":"open","ping_status":"closed","template":"","meta":{"_acf_changed":false},"product_brand":[],"product_cat":[15],"product_tag":[661,483,484,485,655,656,659,486,499,487,482,488,489,657,658,500,502,654,498,660],"giftcard-category":[],"class_list":{"0":"post-3637","1":"product","2":"type-product","3":"status-publish","4":"has-post-thumbnail","6":"product_cat-non-classe","7":"product_tag-biel-de","8":"product_tag-biel","9":"product_tag-bio-de","10":"product_tag-biologisch","11":"product_tag-fasern","12":"product_tag-feinschmecker","13":"product_tag-fruhstuck-de-2","14":"product_tag-fruhstuck","15":"product_tag-glutenfrei","16":"product_tag-granola-de","17":"product_tag-handwerklich","18":"product_tag-lokal","19":"product_tag-muesli-de","20":"product_tag-olsaaten","21":"product_tag-proteine","22":"product_tag-schweizer","23":"product_tag-snack-de","24":"product_tag-snack-de-2","25":"product_tag-vegan-de","26":"product_tag-vegan-de-2","28":"first","29":"outofstock","30":"shipping-taxable","31":"purchasable","32":"product-type-simple"},"acf":[],"yoast_head":"<!-- This site is optimized with the Yoast SEO plugin v27.3 - https:\/\/yoast.com\/product\/yoast-seo-wordpress\/ -->\n<title>Bio Granola La Classica Trio Pack (3x350g) &#8211; Gran&#039;Hola<\/title>\n<meta name=\"description\" content=\"Bio Granola La Classica Unsere Mischung zum Fr\u00fchst\u00fcck oder als superleckerer Snack mit Pekannuss &amp; Ahornsirup.\" \/>\n<meta name=\"robots\" content=\"index, follow, max-snippet:-1, max-image-preview:large, max-video-preview:-1\" \/>\n<link rel=\"canonical\" href=\"https:\/\/gran-hola.ch\/de\/produkt\/granola-bio-la-classica-trio-pack-3x350g\/\" \/>\n<meta property=\"og:locale\" content=\"de_DE\" \/>\n<meta property=\"og:type\" content=\"article\" \/>\n<meta property=\"og:title\" content=\"Bio Granola La Classica Trio Pack (3x350g) &#8211; Gran&#039;Hola\" \/>\n<meta property=\"og:description\" content=\"Bio Granola La Classica Unsere Mischung zum Fr\u00fchst\u00fcck oder als superleckerer Snack mit Pekannuss &amp; Ahornsirup.\" \/>\n<meta property=\"og:url\" content=\"https:\/\/gran-hola.ch\/de\/produkt\/granola-bio-la-classica-trio-pack-3x350g\/\" \/>\n<meta property=\"og:site_name\" content=\"Gran&#039;Hola\" \/>\n<meta property=\"article:publisher\" content=\"https:\/\/www.facebook.com\/granhola.ch\/\" \/>\n<meta property=\"article:modified_time\" content=\"2023-05-30T13:37:56+00:00\" \/>\n<meta property=\"og:image\" content=\"https:\/\/gran-hola.ch\/wp-content\/uploads\/2022\/04\/photo-webshop-la-classica-trio-pack-scaled.jpg\" \/>\n\t<meta property=\"og:image:width\" content=\"2560\" \/>\n\t<meta property=\"og:image:height\" content=\"2560\" \/>\n\t<meta property=\"og:image:type\" content=\"image\/jpeg\" \/>\n<meta name=\"twitter:card\" content=\"summary_large_image\" \/>\n<meta name=\"twitter:label1\" content=\"Gesch\u00e4tzte Lesezeit\" \/>\n\t<meta name=\"twitter:data1\" content=\"1\u00a0Minute\" \/>\n<script type=\"application\/ld+json\" class=\"yoast-schema-graph\">{\"@context\":\"https:\\\/\\\/schema.org\",\"@graph\":[{\"@type\":\"WebPage\",\"@id\":\"https:\\\/\\\/gran-hola.ch\\\/de\\\/produkt\\\/granola-bio-la-classica-trio-pack-3x350g\\\/\",\"url\":\"https:\\\/\\\/gran-hola.ch\\\/de\\\/produkt\\\/granola-bio-la-classica-trio-pack-3x350g\\\/\",\"name\":\"Bio Granola La Classica Trio Pack (3x350g) &#8211; Gran&#039;Hola\",\"isPartOf\":{\"@id\":\"https:\\\/\\\/gran-hola.ch\\\/de\\\/#website\"},\"primaryImageOfPage\":{\"@id\":\"https:\\\/\\\/gran-hola.ch\\\/de\\\/produkt\\\/granola-bio-la-classica-trio-pack-3x350g\\\/#primaryimage\"},\"image\":{\"@id\":\"https:\\\/\\\/gran-hola.ch\\\/de\\\/produkt\\\/granola-bio-la-classica-trio-pack-3x350g\\\/#primaryimage\"},\"thumbnailUrl\":\"https:\\\/\\\/i0.wp.com\\\/gran-hola.ch\\\/wp-content\\\/uploads\\\/2022\\\/04\\\/photo-webshop-la-classica-trio-pack-scaled.jpg?fit=2560%2C2560&ssl=1\",\"datePublished\":\"2022-04-03T09:25:36+00:00\",\"dateModified\":\"2023-05-30T13:37:56+00:00\",\"description\":\"Bio Granola La Classica Unsere Mischung zum Fr\u00fchst\u00fcck oder als superleckerer Snack mit Pekannuss & Ahornsirup.\",\"breadcrumb\":{\"@id\":\"https:\\\/\\\/gran-hola.ch\\\/de\\\/produkt\\\/granola-bio-la-classica-trio-pack-3x350g\\\/#breadcrumb\"},\"inLanguage\":\"de\",\"potentialAction\":[{\"@type\":\"ReadAction\",\"target\":[\"https:\\\/\\\/gran-hola.ch\\\/de\\\/produkt\\\/granola-bio-la-classica-trio-pack-3x350g\\\/\"]}]},{\"@type\":\"ImageObject\",\"inLanguage\":\"de\",\"@id\":\"https:\\\/\\\/gran-hola.ch\\\/de\\\/produkt\\\/granola-bio-la-classica-trio-pack-3x350g\\\/#primaryimage\",\"url\":\"https:\\\/\\\/i0.wp.com\\\/gran-hola.ch\\\/wp-content\\\/uploads\\\/2022\\\/04\\\/photo-webshop-la-classica-trio-pack-scaled.jpg?fit=2560%2C2560&ssl=1\",\"contentUrl\":\"https:\\\/\\\/i0.wp.com\\\/gran-hola.ch\\\/wp-content\\\/uploads\\\/2022\\\/04\\\/photo-webshop-la-classica-trio-pack-scaled.jpg?fit=2560%2C2560&ssl=1\",\"width\":2560,\"height\":2560,\"caption\":\"trio pack la classica baby\"},{\"@type\":\"BreadcrumbList\",\"@id\":\"https:\\\/\\\/gran-hola.ch\\\/de\\\/produkt\\\/granola-bio-la-classica-trio-pack-3x350g\\\/#breadcrumb\",\"itemListElement\":[{\"@type\":\"ListItem\",\"position\":1,\"name\":\"Accueil\",\"item\":\"https:\\\/\\\/gran-hola.ch\\\/de\\\/\"},{\"@type\":\"ListItem\",\"position\":2,\"name\":\"Shop\",\"item\":\"https:\\\/\\\/gran-hola.ch\\\/de\\\/shop\\\/\"},{\"@type\":\"ListItem\",\"position\":3,\"name\":\"Bio Granola La Classica Trio Pack (3x350g)\"}]},{\"@type\":\"WebSite\",\"@id\":\"https:\\\/\\\/gran-hola.ch\\\/de\\\/#website\",\"url\":\"https:\\\/\\\/gran-hola.ch\\\/de\\\/\",\"name\":\"Gran&#039;Hola\",\"description\":\"Granola artisanal, bio et sans gluten\",\"publisher\":{\"@id\":\"https:\\\/\\\/gran-hola.ch\\\/de\\\/#organization\"},\"potentialAction\":[{\"@type\":\"SearchAction\",\"target\":{\"@type\":\"EntryPoint\",\"urlTemplate\":\"https:\\\/\\\/gran-hola.ch\\\/de\\\/?s={search_term_string}\"},\"query-input\":{\"@type\":\"PropertyValueSpecification\",\"valueRequired\":true,\"valueName\":\"search_term_string\"}}],\"inLanguage\":\"de\"},{\"@type\":\"Organization\",\"@id\":\"https:\\\/\\\/gran-hola.ch\\\/de\\\/#organization\",\"name\":\"Gran'Hola\",\"url\":\"https:\\\/\\\/gran-hola.ch\\\/de\\\/\",\"logo\":{\"@type\":\"ImageObject\",\"inLanguage\":\"de\",\"@id\":\"https:\\\/\\\/gran-hola.ch\\\/de\\\/#\\\/schema\\\/logo\\\/image\\\/\",\"url\":\"https:\\\/\\\/gran-hola.ch\\\/wp-content\\\/uploads\\\/2020\\\/04\\\/logo-granola-new.png\",\"contentUrl\":\"https:\\\/\\\/gran-hola.ch\\\/wp-content\\\/uploads\\\/2020\\\/04\\\/logo-granola-new.png\",\"width\":340,\"height\":296,\"caption\":\"Gran'Hola\"},\"image\":{\"@id\":\"https:\\\/\\\/gran-hola.ch\\\/de\\\/#\\\/schema\\\/logo\\\/image\\\/\"},\"sameAs\":[\"https:\\\/\\\/www.facebook.com\\\/granhola.ch\\\/\",\"https:\\\/\\\/www.instagram.com\\\/granhola.ch\\\/\",\"https:\\\/\\\/www.linkedin.com\\\/company\\\/gran-hola\\\/\"]}]}<\/script>\n<!-- \/ Yoast SEO plugin. -->","yoast_head_json":{"title":"Bio Granola La Classica Trio Pack (3x350g) &#8211; Gran&#039;Hola","description":"Bio Granola La Classica Unsere Mischung zum Fr\u00fchst\u00fcck oder als superleckerer Snack mit Pekannuss & Ahornsirup.","robots":{"index":"index","follow":"follow","max-snippet":"max-snippet:-1","max-image-preview":"max-image-preview:large","max-video-preview":"max-video-preview:-1"},"canonical":"https:\/\/gran-hola.ch\/de\/produkt\/granola-bio-la-classica-trio-pack-3x350g\/","og_locale":"de_DE","og_type":"article","og_title":"Bio Granola La Classica Trio Pack (3x350g) &#8211; Gran&#039;Hola","og_description":"Bio Granola La Classica Unsere Mischung zum Fr\u00fchst\u00fcck oder als superleckerer Snack mit Pekannuss & Ahornsirup.","og_url":"https:\/\/gran-hola.ch\/de\/produkt\/granola-bio-la-classica-trio-pack-3x350g\/","og_site_name":"Gran&#039;Hola","article_publisher":"https:\/\/www.facebook.com\/granhola.ch\/","article_modified_time":"2023-05-30T13:37:56+00:00","og_image":[{"width":2560,"height":2560,"url":"https:\/\/gran-hola.ch\/wp-content\/uploads\/2022\/04\/photo-webshop-la-classica-trio-pack-scaled.jpg","type":"image\/jpeg"}],"twitter_card":"summary_large_image","twitter_misc":{"Gesch\u00e4tzte Lesezeit":"1\u00a0Minute"},"schema":{"@context":"https:\/\/schema.org","@graph":[{"@type":"WebPage","@id":"https:\/\/gran-hola.ch\/de\/produkt\/granola-bio-la-classica-trio-pack-3x350g\/","url":"https:\/\/gran-hola.ch\/de\/produkt\/granola-bio-la-classica-trio-pack-3x350g\/","name":"Bio Granola La Classica Trio Pack (3x350g) &#8211; Gran&#039;Hola","isPartOf":{"@id":"https:\/\/gran-hola.ch\/de\/#website"},"primaryImageOfPage":{"@id":"https:\/\/gran-hola.ch\/de\/produkt\/granola-bio-la-classica-trio-pack-3x350g\/#primaryimage"},"image":{"@id":"https:\/\/gran-hola.ch\/de\/produkt\/granola-bio-la-classica-trio-pack-3x350g\/#primaryimage"},"thumbnailUrl":"https:\/\/i0.wp.com\/gran-hola.ch\/wp-content\/uploads\/2022\/04\/photo-webshop-la-classica-trio-pack-scaled.jpg?fit=2560%2C2560&ssl=1","datePublished":"2022-04-03T09:25:36+00:00","dateModified":"2023-05-30T13:37:56+00:00","description":"Bio Granola La Classica Unsere Mischung zum Fr\u00fchst\u00fcck oder als superleckerer Snack mit Pekannuss & Ahornsirup.","breadcrumb":{"@id":"https:\/\/gran-hola.ch\/de\/produkt\/granola-bio-la-classica-trio-pack-3x350g\/#breadcrumb"},"inLanguage":"de","potentialAction":[{"@type":"ReadAction","target":["https:\/\/gran-hola.ch\/de\/produkt\/granola-bio-la-classica-trio-pack-3x350g\/"]}]},{"@type":"ImageObject","inLanguage":"de","@id":"https:\/\/gran-hola.ch\/de\/produkt\/granola-bio-la-classica-trio-pack-3x350g\/#primaryimage","url":"https:\/\/i0.wp.com\/gran-hola.ch\/wp-content\/uploads\/2022\/04\/photo-webshop-la-classica-trio-pack-scaled.jpg?fit=2560%2C2560&ssl=1","contentUrl":"https:\/\/i0.wp.com\/gran-hola.ch\/wp-content\/uploads\/2022\/04\/photo-webshop-la-classica-trio-pack-scaled.jpg?fit=2560%2C2560&ssl=1","width":2560,"height":2560,"caption":"trio pack la classica baby"},{"@type":"BreadcrumbList","@id":"https:\/\/gran-hola.ch\/de\/produkt\/granola-bio-la-classica-trio-pack-3x350g\/#breadcrumb","itemListElement":[{"@type":"ListItem","position":1,"name":"Accueil","item":"https:\/\/gran-hola.ch\/de\/"},{"@type":"ListItem","position":2,"name":"Shop","item":"https:\/\/gran-hola.ch\/de\/shop\/"},{"@type":"ListItem","position":3,"name":"Bio Granola La Classica Trio Pack (3x350g)"}]},{"@type":"WebSite","@id":"https:\/\/gran-hola.ch\/de\/#website","url":"https:\/\/gran-hola.ch\/de\/","name":"Gran&#039;Hola","description":"Granola artisanal, bio et sans gluten","publisher":{"@id":"https:\/\/gran-hola.ch\/de\/#organization"},"potentialAction":[{"@type":"SearchAction","target":{"@type":"EntryPoint","urlTemplate":"https:\/\/gran-hola.ch\/de\/?s={search_term_string}"},"query-input":{"@type":"PropertyValueSpecification","valueRequired":true,"valueName":"search_term_string"}}],"inLanguage":"de"},{"@type":"Organization","@id":"https:\/\/gran-hola.ch\/de\/#organization","name":"Gran'Hola","url":"https:\/\/gran-hola.ch\/de\/","logo":{"@type":"ImageObject","inLanguage":"de","@id":"https:\/\/gran-hola.ch\/de\/#\/schema\/logo\/image\/","url":"https:\/\/gran-hola.ch\/wp-content\/uploads\/2020\/04\/logo-granola-new.png","contentUrl":"https:\/\/gran-hola.ch\/wp-content\/uploads\/2020\/04\/logo-granola-new.png","width":340,"height":296,"caption":"Gran'Hola"},"image":{"@id":"https:\/\/gran-hola.ch\/de\/#\/schema\/logo\/image\/"},"sameAs":["https:\/\/www.facebook.com\/granhola.ch\/","https:\/\/www.instagram.com\/granhola.ch\/","https:\/\/www.linkedin.com\/company\/gran-hola\/"]}]}},"jetpack_sharing_enabled":true,"_links":{"self":[{"href":"https:\/\/gran-hola.ch\/de\/wp-json\/wp\/v2\/product\/3637","targetHints":{"allow":["GET"]}}],"collection":[{"href":"https:\/\/gran-hola.ch\/de\/wp-json\/wp\/v2\/product"}],"about":[{"href":"https:\/\/gran-hola.ch\/de\/wp-json\/wp\/v2\/types\/product"}],"replies":[{"embeddable":true,"href":"https:\/\/gran-hola.ch\/de\/wp-json\/wp\/v2\/comments?post=3637"}],"wp:featuredmedia":[{"embeddable":true,"href":"https:\/\/gran-hola.ch\/de\/wp-json\/wp\/v2\/media\/3835"}],"wp:attachment":[{"href":"https:\/\/gran-hola.ch\/de\/wp-json\/wp\/v2\/media?parent=3637"}],"wp:term":[{"taxonomy":"product_brand","embeddable":true,"href":"https:\/\/gran-hola.ch\/de\/wp-json\/wp\/v2\/product_brand?post=3637"},{"taxonomy":"product_cat","embeddable":true,"href":"https:\/\/gran-hola.ch\/de\/wp-json\/wp\/v2\/product_cat?post=3637"},{"taxonomy":"product_tag","embeddable":true,"href":"https:\/\/gran-hola.ch\/de\/wp-json\/wp\/v2\/product_tag?post=3637"},{"taxonomy":"giftcard-category","embeddable":true,"href":"https:\/\/gran-hola.ch\/de\/wp-json\/wp\/v2\/giftcard-category?post=3637"}],"curies":[{"name":"wp","href":"https:\/\/api.w.org\/{rel}","templated":true}]}}