{"id":3476,"date":"2021-03-11T15:05:52","date_gmt":"2021-03-11T14:05:52","guid":{"rendered":"https:\/\/gran-hola.ch\/produit\/bio-granola-la-classica-350g\/"},"modified":"2023-11-01T14:17:27","modified_gmt":"2023-11-01T13:17:27","slug":"granola-bio-pecan-erable","status":"publish","type":"product","link":"https:\/\/gran-hola.ch\/de\/produkt\/granola-bio-pecan-erable\/","title":{"rendered":"Bio Granola La Classica"},"content":{"rendered":"<p>Zutaten: Glutenfreie Haferflocken*, Sonnenblumenkerne*, Datteln*, <strong>Pekann\u00fcsse* 8.8%<\/strong>, Ahornsirup* 3.5%, Meersalz.<\/p>\n<p>*Alle Zutaten landwirtschaftlichen Ursprungs stammen aus biologischem Anbau.<\/p>\n<p><strong>Potenziell allergene Produkte<\/strong><\/p>\n<hr class=\"sep\">\n<p>Bio-Zertifizierung: CH-BIO-038, bio.inspecta AG<\/p>\n<p>Haltbarkeitsdauer: 12 Monate ab Produktion.<br \/>\nAn einem k\u00fchlen und trockenen Ort aufbewahren.<\/p>\n<p>Versand: Von uns von Hand verpackt und versiegelt. Schweizweit per Post innerhalb von 7-10 Werktagen verschickt. <strong>KOSTENLOSE<\/strong> versandkosten bei bestellungen <strong>ab 110 chf<\/strong>!<\/p>\n<p>Alle unsere Mischungen werden in einer <strong>handwerklichen glutenfreien Werkstatt<\/strong> hergestellt.<\/p>\n<hr>\n<p><span style=\"font-size: 18px;\"><strong><span style=\"color: #b59357;\">Der Ursprung\/die Idee<\/span><\/strong><\/span><\/p>\n<p>Warum <strong>La Classica?<\/strong><\/p>\n<p>Wir wollten ein ger\u00f6stetes Bio-Granola, das einfach schmeckt.<\/p>\n<p>Wir haben daher den cremigen Geschmack von <strong>Pekann\u00fcssen<\/strong> und <strong>Ahornsirup<\/strong> kombiniert, um ein perfektes Geschmackserlebnis zu erzielen. Die knusprige Seite passt gut zur S\u00e4ure von Fr\u00fcchten und der Geschmeidigkeit von Milch oder Joghurt.<\/p>\n<hr>\n<p><span style=\"color: #b59357; font-size: 18px;\"><strong>Wie konsumiert man unser Granola?<\/strong><\/span><\/p>\n<p>Mische es mit einer Sch\u00fcssel mit Joghurt, Milch (vorzugsweise pflanzlicher Milch) und geschnittenem Obst.<br \/>\nOder konsumiere es als Snack am Nachmittag oder kurz vor einer sportlichen Aktivit\u00e4t.<\/p>\n<p>Aufgrund ihres hohen Anteils an Ballaststoffen und Proteinen liefern dir unsere Nuggets Crunchy und Energie.<\/p>\n<p>Entdecke unser neuestes gesundes Rezept f\u00fcr eine <a href=\"https:\/\/gran-hola.ch\/2022\/03\/17\/acai-bowl\/\">Acai-Bowl<\/a>, die mit unserem La Classica <strong>Bio-Granola<\/strong> bestreut ist.<\/p>\n","protected":false},"excerpt":{"rendered":"<p><strong>Handgefertigtes bio Granola aus glutenfreien Haferflocken.<\/strong><\/p>\n<p>Das ist der Klassiker in unserem Sortiment.<br \/>\nUnsere nat\u00fcrliche &amp; knusprige Mischung mit Pekann\u00fcssen und Ahornsirup!<\/p>\n<p>Ohne raffinierten Zucker und 100% pflanzlich.<\/p>\n<p>&nbsp;<\/p>\n","protected":false},"featured_media":3814,"comment_status":"open","ping_status":"closed","template":"","meta":{"_acf_changed":false},"product_brand":[],"product_cat":[491],"product_tag":[483,484,485,668,677,486,659,499,487,482,488,489,743,667,657,742,500,502,498],"giftcard-category":[],"class_list":{"0":"post-3476","1":"product","2":"type-product","3":"status-publish","4":"has-post-thumbnail","6":"product_cat-granola-de-2","7":"product_tag-biel","8":"product_tag-bio-de","9":"product_tag-biologisch","10":"product_tag-brunch-de","11":"product_tag-datteln","12":"product_tag-fruhstuck","13":"product_tag-fruhstuck-de-2","14":"product_tag-glutenfrei","15":"product_tag-granola-de","16":"product_tag-handwerklich","17":"product_tag-lokal","18":"product_tag-muesli-de","19":"product_tag-nuss","20":"product_tag-ohne-zucker","21":"product_tag-olsaaten","22":"product_tag-pekan","23":"product_tag-schweizer","24":"product_tag-snack-de","25":"product_tag-vegan-de","27":"first","28":"instock","29":"featured","30":"shipping-taxable","31":"purchasable","32":"product-type-variable"},"acf":[],"yoast_head":"<!-- This site is optimized with the Yoast SEO plugin v27.3 - https:\/\/yoast.com\/product\/yoast-seo-wordpress\/ -->\n<title>Granola bio &#8211; Bio Granola La Classica &#8211; Gran&#039;Hola<\/title>\n<meta name=\"description\" content=\"Bio-Granola mit Pekann\u00fcssen und Ahornsirup. Reich an Ballaststoffen und Proteinen f\u00fcr das Fr\u00fchst\u00fcck oder als leckerer, 100% nat\u00fcrlicher Snack!\" \/>\n<meta name=\"robots\" content=\"index, follow, max-snippet:-1, max-image-preview:large, max-video-preview:-1\" \/>\n<link rel=\"canonical\" href=\"https:\/\/gran-hola.ch\/de\/produkt\/granola-bio-pecan-erable\/\" \/>\n<meta property=\"og:locale\" content=\"de_DE\" \/>\n<meta property=\"og:type\" content=\"article\" \/>\n<meta property=\"og:title\" content=\"Granola bio &#8211; Bio Granola La Classica &#8211; Gran&#039;Hola\" \/>\n<meta property=\"og:description\" content=\"Bio-Granola mit Pekann\u00fcssen und Ahornsirup. Reich an Ballaststoffen und Proteinen f\u00fcr das Fr\u00fchst\u00fcck oder als leckerer, 100% nat\u00fcrlicher Snack!\" \/>\n<meta property=\"og:url\" content=\"https:\/\/gran-hola.ch\/de\/produkt\/granola-bio-pecan-erable\/\" \/>\n<meta property=\"og:site_name\" content=\"Gran&#039;Hola\" \/>\n<meta property=\"article:publisher\" content=\"https:\/\/www.facebook.com\/granhola.ch\/\" \/>\n<meta property=\"article:modified_time\" content=\"2023-11-01T13:17:27+00:00\" \/>\n<meta property=\"og:image\" content=\"https:\/\/gran-hola.ch\/wp-content\/uploads\/2022\/05\/photo-webshop-la-classica-350g00002.jpg\" \/>\n\t<meta property=\"og:image:width\" content=\"2048\" \/>\n\t<meta property=\"og:image:height\" content=\"2048\" \/>\n\t<meta property=\"og:image:type\" content=\"image\/jpeg\" \/>\n<meta name=\"twitter:card\" content=\"summary_large_image\" \/>\n<meta name=\"twitter:label1\" content=\"Gesch\u00e4tzte Lesezeit\" \/>\n\t<meta name=\"twitter:data1\" content=\"2\u00a0Minuten\" \/>\n<script type=\"application\/ld+json\" class=\"yoast-schema-graph\">{\"@context\":\"https:\\\/\\\/schema.org\",\"@graph\":[{\"@type\":\"WebPage\",\"@id\":\"https:\\\/\\\/gran-hola.ch\\\/de\\\/produkt\\\/granola-bio-pecan-erable\\\/\",\"url\":\"https:\\\/\\\/gran-hola.ch\\\/de\\\/produkt\\\/granola-bio-pecan-erable\\\/\",\"name\":\"Granola bio &#8211; Bio Granola La Classica &#8211; Gran&#039;Hola\",\"isPartOf\":{\"@id\":\"https:\\\/\\\/gran-hola.ch\\\/de\\\/#website\"},\"primaryImageOfPage\":{\"@id\":\"https:\\\/\\\/gran-hola.ch\\\/de\\\/produkt\\\/granola-bio-pecan-erable\\\/#primaryimage\"},\"image\":{\"@id\":\"https:\\\/\\\/gran-hola.ch\\\/de\\\/produkt\\\/granola-bio-pecan-erable\\\/#primaryimage\"},\"thumbnailUrl\":\"https:\\\/\\\/i0.wp.com\\\/gran-hola.ch\\\/wp-content\\\/uploads\\\/2022\\\/05\\\/photo-webshop-la-classica-350g00002.jpg?fit=2048%2C2048&ssl=1\",\"datePublished\":\"2021-03-11T14:05:52+00:00\",\"dateModified\":\"2023-11-01T13:17:27+00:00\",\"description\":\"Bio-Granola mit Pekann\u00fcssen und Ahornsirup. Reich an Ballaststoffen und Proteinen f\u00fcr das Fr\u00fchst\u00fcck oder als leckerer, 100% nat\u00fcrlicher Snack!\",\"breadcrumb\":{\"@id\":\"https:\\\/\\\/gran-hola.ch\\\/de\\\/produkt\\\/granola-bio-pecan-erable\\\/#breadcrumb\"},\"inLanguage\":\"de\",\"potentialAction\":[{\"@type\":\"ReadAction\",\"target\":[\"https:\\\/\\\/gran-hola.ch\\\/de\\\/produkt\\\/granola-bio-pecan-erable\\\/\"]}]},{\"@type\":\"ImageObject\",\"inLanguage\":\"de\",\"@id\":\"https:\\\/\\\/gran-hola.ch\\\/de\\\/produkt\\\/granola-bio-pecan-erable\\\/#primaryimage\",\"url\":\"https:\\\/\\\/i0.wp.com\\\/gran-hola.ch\\\/wp-content\\\/uploads\\\/2022\\\/05\\\/photo-webshop-la-classica-350g00002.jpg?fit=2048%2C2048&ssl=1\",\"contentUrl\":\"https:\\\/\\\/i0.wp.com\\\/gran-hola.ch\\\/wp-content\\\/uploads\\\/2022\\\/05\\\/photo-webshop-la-classica-350g00002.jpg?fit=2048%2C2048&ssl=1\",\"width\":2048,\"height\":2048},{\"@type\":\"BreadcrumbList\",\"@id\":\"https:\\\/\\\/gran-hola.ch\\\/de\\\/produkt\\\/granola-bio-pecan-erable\\\/#breadcrumb\",\"itemListElement\":[{\"@type\":\"ListItem\",\"position\":1,\"name\":\"Accueil\",\"item\":\"https:\\\/\\\/gran-hola.ch\\\/de\\\/\"},{\"@type\":\"ListItem\",\"position\":2,\"name\":\"Shop\",\"item\":\"https:\\\/\\\/gran-hola.ch\\\/de\\\/shop\\\/\"},{\"@type\":\"ListItem\",\"position\":3,\"name\":\"Bio Granola La Classica\"}]},{\"@type\":\"WebSite\",\"@id\":\"https:\\\/\\\/gran-hola.ch\\\/de\\\/#website\",\"url\":\"https:\\\/\\\/gran-hola.ch\\\/de\\\/\",\"name\":\"Gran&#039;Hola\",\"description\":\"Granola artisanal, bio et sans gluten\",\"publisher\":{\"@id\":\"https:\\\/\\\/gran-hola.ch\\\/de\\\/#organization\"},\"potentialAction\":[{\"@type\":\"SearchAction\",\"target\":{\"@type\":\"EntryPoint\",\"urlTemplate\":\"https:\\\/\\\/gran-hola.ch\\\/de\\\/?s={search_term_string}\"},\"query-input\":{\"@type\":\"PropertyValueSpecification\",\"valueRequired\":true,\"valueName\":\"search_term_string\"}}],\"inLanguage\":\"de\"},{\"@type\":\"Organization\",\"@id\":\"https:\\\/\\\/gran-hola.ch\\\/de\\\/#organization\",\"name\":\"Gran'Hola\",\"url\":\"https:\\\/\\\/gran-hola.ch\\\/de\\\/\",\"logo\":{\"@type\":\"ImageObject\",\"inLanguage\":\"de\",\"@id\":\"https:\\\/\\\/gran-hola.ch\\\/de\\\/#\\\/schema\\\/logo\\\/image\\\/\",\"url\":\"https:\\\/\\\/gran-hola.ch\\\/wp-content\\\/uploads\\\/2020\\\/04\\\/logo-granola-new.png\",\"contentUrl\":\"https:\\\/\\\/gran-hola.ch\\\/wp-content\\\/uploads\\\/2020\\\/04\\\/logo-granola-new.png\",\"width\":340,\"height\":296,\"caption\":\"Gran'Hola\"},\"image\":{\"@id\":\"https:\\\/\\\/gran-hola.ch\\\/de\\\/#\\\/schema\\\/logo\\\/image\\\/\"},\"sameAs\":[\"https:\\\/\\\/www.facebook.com\\\/granhola.ch\\\/\",\"https:\\\/\\\/www.instagram.com\\\/granhola.ch\\\/\",\"https:\\\/\\\/www.linkedin.com\\\/company\\\/gran-hola\\\/\"]}]}<\/script>\n<!-- \/ Yoast SEO plugin. -->","yoast_head_json":{"title":"Granola bio &#8211; Bio Granola La Classica &#8211; Gran&#039;Hola","description":"Bio-Granola mit Pekann\u00fcssen und Ahornsirup. Reich an Ballaststoffen und Proteinen f\u00fcr das Fr\u00fchst\u00fcck oder als leckerer, 100% nat\u00fcrlicher Snack!","robots":{"index":"index","follow":"follow","max-snippet":"max-snippet:-1","max-image-preview":"max-image-preview:large","max-video-preview":"max-video-preview:-1"},"canonical":"https:\/\/gran-hola.ch\/de\/produkt\/granola-bio-pecan-erable\/","og_locale":"de_DE","og_type":"article","og_title":"Granola bio &#8211; Bio Granola La Classica &#8211; Gran&#039;Hola","og_description":"Bio-Granola mit Pekann\u00fcssen und Ahornsirup. Reich an Ballaststoffen und Proteinen f\u00fcr das Fr\u00fchst\u00fcck oder als leckerer, 100% nat\u00fcrlicher Snack!","og_url":"https:\/\/gran-hola.ch\/de\/produkt\/granola-bio-pecan-erable\/","og_site_name":"Gran&#039;Hola","article_publisher":"https:\/\/www.facebook.com\/granhola.ch\/","article_modified_time":"2023-11-01T13:17:27+00:00","og_image":[{"width":2048,"height":2048,"url":"https:\/\/gran-hola.ch\/wp-content\/uploads\/2022\/05\/photo-webshop-la-classica-350g00002.jpg","type":"image\/jpeg"}],"twitter_card":"summary_large_image","twitter_misc":{"Gesch\u00e4tzte Lesezeit":"2\u00a0Minuten"},"schema":{"@context":"https:\/\/schema.org","@graph":[{"@type":"WebPage","@id":"https:\/\/gran-hola.ch\/de\/produkt\/granola-bio-pecan-erable\/","url":"https:\/\/gran-hola.ch\/de\/produkt\/granola-bio-pecan-erable\/","name":"Granola bio &#8211; Bio Granola La Classica &#8211; Gran&#039;Hola","isPartOf":{"@id":"https:\/\/gran-hola.ch\/de\/#website"},"primaryImageOfPage":{"@id":"https:\/\/gran-hola.ch\/de\/produkt\/granola-bio-pecan-erable\/#primaryimage"},"image":{"@id":"https:\/\/gran-hola.ch\/de\/produkt\/granola-bio-pecan-erable\/#primaryimage"},"thumbnailUrl":"https:\/\/i0.wp.com\/gran-hola.ch\/wp-content\/uploads\/2022\/05\/photo-webshop-la-classica-350g00002.jpg?fit=2048%2C2048&ssl=1","datePublished":"2021-03-11T14:05:52+00:00","dateModified":"2023-11-01T13:17:27+00:00","description":"Bio-Granola mit Pekann\u00fcssen und Ahornsirup. Reich an Ballaststoffen und Proteinen f\u00fcr das Fr\u00fchst\u00fcck oder als leckerer, 100% nat\u00fcrlicher Snack!","breadcrumb":{"@id":"https:\/\/gran-hola.ch\/de\/produkt\/granola-bio-pecan-erable\/#breadcrumb"},"inLanguage":"de","potentialAction":[{"@type":"ReadAction","target":["https:\/\/gran-hola.ch\/de\/produkt\/granola-bio-pecan-erable\/"]}]},{"@type":"ImageObject","inLanguage":"de","@id":"https:\/\/gran-hola.ch\/de\/produkt\/granola-bio-pecan-erable\/#primaryimage","url":"https:\/\/i0.wp.com\/gran-hola.ch\/wp-content\/uploads\/2022\/05\/photo-webshop-la-classica-350g00002.jpg?fit=2048%2C2048&ssl=1","contentUrl":"https:\/\/i0.wp.com\/gran-hola.ch\/wp-content\/uploads\/2022\/05\/photo-webshop-la-classica-350g00002.jpg?fit=2048%2C2048&ssl=1","width":2048,"height":2048},{"@type":"BreadcrumbList","@id":"https:\/\/gran-hola.ch\/de\/produkt\/granola-bio-pecan-erable\/#breadcrumb","itemListElement":[{"@type":"ListItem","position":1,"name":"Accueil","item":"https:\/\/gran-hola.ch\/de\/"},{"@type":"ListItem","position":2,"name":"Shop","item":"https:\/\/gran-hola.ch\/de\/shop\/"},{"@type":"ListItem","position":3,"name":"Bio Granola La Classica"}]},{"@type":"WebSite","@id":"https:\/\/gran-hola.ch\/de\/#website","url":"https:\/\/gran-hola.ch\/de\/","name":"Gran&#039;Hola","description":"Granola artisanal, bio et sans gluten","publisher":{"@id":"https:\/\/gran-hola.ch\/de\/#organization"},"potentialAction":[{"@type":"SearchAction","target":{"@type":"EntryPoint","urlTemplate":"https:\/\/gran-hola.ch\/de\/?s={search_term_string}"},"query-input":{"@type":"PropertyValueSpecification","valueRequired":true,"valueName":"search_term_string"}}],"inLanguage":"de"},{"@type":"Organization","@id":"https:\/\/gran-hola.ch\/de\/#organization","name":"Gran'Hola","url":"https:\/\/gran-hola.ch\/de\/","logo":{"@type":"ImageObject","inLanguage":"de","@id":"https:\/\/gran-hola.ch\/de\/#\/schema\/logo\/image\/","url":"https:\/\/gran-hola.ch\/wp-content\/uploads\/2020\/04\/logo-granola-new.png","contentUrl":"https:\/\/gran-hola.ch\/wp-content\/uploads\/2020\/04\/logo-granola-new.png","width":340,"height":296,"caption":"Gran'Hola"},"image":{"@id":"https:\/\/gran-hola.ch\/de\/#\/schema\/logo\/image\/"},"sameAs":["https:\/\/www.facebook.com\/granhola.ch\/","https:\/\/www.instagram.com\/granhola.ch\/","https:\/\/www.linkedin.com\/company\/gran-hola\/"]}]}},"jetpack_sharing_enabled":true,"_links":{"self":[{"href":"https:\/\/gran-hola.ch\/de\/wp-json\/wp\/v2\/product\/3476","targetHints":{"allow":["GET"]}}],"collection":[{"href":"https:\/\/gran-hola.ch\/de\/wp-json\/wp\/v2\/product"}],"about":[{"href":"https:\/\/gran-hola.ch\/de\/wp-json\/wp\/v2\/types\/product"}],"replies":[{"embeddable":true,"href":"https:\/\/gran-hola.ch\/de\/wp-json\/wp\/v2\/comments?post=3476"}],"wp:featuredmedia":[{"embeddable":true,"href":"https:\/\/gran-hola.ch\/de\/wp-json\/wp\/v2\/media\/3814"}],"wp:attachment":[{"href":"https:\/\/gran-hola.ch\/de\/wp-json\/wp\/v2\/media?parent=3476"}],"wp:term":[{"taxonomy":"product_brand","embeddable":true,"href":"https:\/\/gran-hola.ch\/de\/wp-json\/wp\/v2\/product_brand?post=3476"},{"taxonomy":"product_cat","embeddable":true,"href":"https:\/\/gran-hola.ch\/de\/wp-json\/wp\/v2\/product_cat?post=3476"},{"taxonomy":"product_tag","embeddable":true,"href":"https:\/\/gran-hola.ch\/de\/wp-json\/wp\/v2\/product_tag?post=3476"},{"taxonomy":"giftcard-category","embeddable":true,"href":"https:\/\/gran-hola.ch\/de\/wp-json\/wp\/v2\/giftcard-category?post=3476"}],"curies":[{"name":"wp","href":"https:\/\/api.w.org\/{rel}","templated":true}]}}