{"id":3475,"date":"2021-03-11T15:09:19","date_gmt":"2021-03-11T14:09:19","guid":{"rendered":"https:\/\/gran-hola.ch\/produit\/bio-granola-la-chocoloco-350g\/"},"modified":"2023-05-19T14:38:58","modified_gmt":"2023-05-19T12:38:58","slug":"granola-chocolat","status":"publish","type":"product","link":"https:\/\/gran-hola.ch\/de\/produkt\/granola-chocolat\/","title":{"rendered":"Bio Granola El Chocoloco 350g"},"content":{"rendered":"<p><span style=\"font-weight: 400;\">Zutaten: Glutenfreie Haferflocken*,<\/span> <b>ganze Mandeln* 11.8%<\/b>, <span style=\"font-weight: 400;\">Zartbitterschokolade* 10.7% (Kakaomasse, Kakaobutter, Rohrzucker), Datteln*, Kokosnuss* 5.4%, Kakaopulver*,<\/span> <span style=\"font-weight: 400;\">Kokos\u00f6l*, Meersalz.<\/span><\/p>\n<p>*Alle Zutaten landwirtschaftlichen Ursprungs stammen aus biologischem Anbau.<\/p>\n<p><strong>Potenziell allergene Produkte<\/strong><\/p>\n<hr class=\"sep\">\n<p>Bio-Zertifizierung: CH-BIO-006, bio.inspecta AG<\/p>\n<p>Haltbarkeitsdauer: 9 Monate ab Produktion.<br \/>\nAn einem k\u00fchlen und trockenen Ort aufbewahren.<\/p>\n<p>Versand: Von uns von Hand verpackt und versiegelt. Schweizweit per Post innerhalb von 7-10 Werktagen verschickt. <strong>KOSTENLOSE<\/strong> versandkosten bei bestellungen <strong>ab 100 chf<\/strong>!<\/p>\n<p>Alle unsere Mischungen werden in einer <strong>handwerklichen glutenfreien Werkstatt<\/strong> hergestellt.<\/p>\n<hr>\n<p><span style=\"font-size: 18px;\"><strong><span style=\"color: #b59357;\">Der Ursprung\/die Idee<\/span><\/strong><\/span><\/p>\n<p>Warum <strong>El Chocoloco?<\/strong><\/p>\n<p>Weil wir und unsere Konsument:innen Fan von guter Schoggi sind! Hergestellt aus 70% <strong>peruanischer<\/strong> Schokolade und 100% nat\u00fcrlichen <strong>Kokosnussflocken<\/strong>, ist dieses Bio-Granola der &#8222;Verr\u00fcckte&#8220; in unserem Sortiment. Daher der spanische Name \u201eLoco\u201c, was \u201cverr\u00fcckt\u201d bedeutet.<\/p>\n<p>Diese leckere Mischung wird Dich ab dem fr\u00fchen Morgen oder kurz vor Deiner sportichen Aktivit\u00e4t in ihre exotischen <strong>Schokoladen- und Kokosaromen<\/strong> eintauchen lassen.<\/p>\n<p>Ein von Schweizer Know-how inspiriertes Granola mit seiner Schokoladenpaste, deren Geheimnis nur wir kennen!<\/p>\n<hr>\n<p><span style=\"font-size: 18px;\"><strong><span style=\"color: #b59357;\">Zutaten<\/span><\/strong><\/span><\/p>\n<p><span style=\"color: #674230;\"><strong><em><img data-recalc-dims=\"1\" loading=\"lazy\" decoding=\"async\" class=\" wp-image-2585 alignleft\" src=\"https:\/\/i0.wp.com\/gran-hola.ch\/wp-content\/uploads\/2021\/03\/chips-de-noix-de-coco.jpg?resize=101%2C101&#038;ssl=1\" alt=\"\" width=\"101\" height=\"101\" srcset=\"https:\/\/i0.wp.com\/gran-hola.ch\/wp-content\/uploads\/2021\/03\/chips-de-noix-de-coco.jpg?resize=600%2C600&amp;ssl=1 600w, https:\/\/i0.wp.com\/gran-hola.ch\/wp-content\/uploads\/2021\/03\/chips-de-noix-de-coco.jpg?resize=100%2C100&amp;ssl=1 100w, https:\/\/i0.wp.com\/gran-hola.ch\/wp-content\/uploads\/2021\/03\/chips-de-noix-de-coco.jpg?resize=300%2C300&amp;ssl=1 300w, https:\/\/i0.wp.com\/gran-hola.ch\/wp-content\/uploads\/2021\/03\/chips-de-noix-de-coco.jpg?resize=768%2C768&amp;ssl=1 768w, https:\/\/i0.wp.com\/gran-hola.ch\/wp-content\/uploads\/2021\/03\/chips-de-noix-de-coco.jpg?resize=700%2C700&amp;ssl=1 700w, https:\/\/i0.wp.com\/gran-hola.ch\/wp-content\/uploads\/2021\/03\/chips-de-noix-de-coco.jpg?resize=1000%2C1000&amp;ssl=1 1000w, https:\/\/i0.wp.com\/gran-hola.ch\/wp-content\/uploads\/2021\/03\/chips-de-noix-de-coco.jpg?w=1080&amp;ssl=1 1080w\" sizes=\"auto, (max-width: 101px) 100vw, 101px\" \/><\/em>Kokosnuss:<\/strong><\/span> Die Kokosnuss besteht zu 35% aus Fetts\u00e4uren und ist ein Lebensmittel, das reich an guten Fetten ist und praktisch keine Kohlenhydrate enth\u00e4lt. Die Zufuhr von Mineralstoffen \u2013 darunter Kalium, Phosphor und Magnesium \u2013 ist sehr hoch. Auch bekannt f\u00fcr seinen Gehalt an Spurenelementen und seine Vielfalt an Vitaminen der Gruppe B, spielt es eine antioxidative Rolle und ist eines der Lebensmittel, die sehr reich an Ballaststoffen sind.<\/p>\n\n<p><img data-recalc-dims=\"1\" loading=\"lazy\" decoding=\"async\" class=\"wp-image-2586 alignleft\" src=\"https:\/\/i0.wp.com\/gran-hola.ch\/wp-content\/uploads\/2021\/03\/Amande-2.jpg?resize=101%2C101&#038;ssl=1\" alt=\"\" width=\"101\" height=\"101\" srcset=\"https:\/\/i0.wp.com\/gran-hola.ch\/wp-content\/uploads\/2021\/03\/Amande-2.jpg?resize=600%2C600&amp;ssl=1 600w, https:\/\/i0.wp.com\/gran-hola.ch\/wp-content\/uploads\/2021\/03\/Amande-2.jpg?resize=100%2C100&amp;ssl=1 100w, https:\/\/i0.wp.com\/gran-hola.ch\/wp-content\/uploads\/2021\/03\/Amande-2.jpg?resize=300%2C300&amp;ssl=1 300w, https:\/\/i0.wp.com\/gran-hola.ch\/wp-content\/uploads\/2021\/03\/Amande-2.jpg?resize=768%2C768&amp;ssl=1 768w, https:\/\/i0.wp.com\/gran-hola.ch\/wp-content\/uploads\/2021\/03\/Amande-2.jpg?resize=700%2C700&amp;ssl=1 700w, https:\/\/i0.wp.com\/gran-hola.ch\/wp-content\/uploads\/2021\/03\/Amande-2.jpg?resize=1000%2C1000&amp;ssl=1 1000w, https:\/\/i0.wp.com\/gran-hola.ch\/wp-content\/uploads\/2021\/03\/Amande-2.jpg?w=1080&amp;ssl=1 1080w\" sizes=\"auto, (max-width: 101px) 100vw, 101px\" \/><\/p>\n<p><span style=\"color: #674230;\"><strong><em>Mandel:<\/em><\/strong> Es ist die wesentliche Zutat mit vielen gesundheitlichen Vorteilen.<\/span> Quelle essentieller N\u00e4hrstoffe wie pflanzliche Proteine, gute Fette, aber auch Ballaststoffe, die es Ihnen erm\u00f6glichen, den ganzen Tag durchzuhalten. Mit ihrem Gehalt an Vitaminen der Gruppe B tragen sie zum reibungslosen Funktionieren des Energiestoffwechsels bei. Die Mandel ist eine Magnesiumquelle und reduziert M\u00fcdigkeit.<\/p>\n\n<p><span style=\"color: #b59357; font-size: 18px;\"><strong>Wie konsumiert man unser Granola?<\/strong><\/span><\/p>\n<p>Mische es mit einer Sch\u00fcssel mit Joghurt, Milch (vorzugsweise pflanzlicher Milch) und geschnittenem Obst.<br \/>\nOder konsumiere es als Snack am Nachmittag oder kurz vor einer sportlichen Aktivit\u00e4t.<br \/>\nAufgrund ihres hohen Anteils an Ballaststoffen und Proteinen liefern dir unsere Nuggets Crunchy und Energie.<\/p>\n<p>Hier ist ein originelles Rezept f\u00fcr unser <strong>Bio-Granola<\/strong>La Chocoloco: <a href=\"https:\/\/gran-hola.ch\/de\/2020\/06\/04\/eis-am-stiel-zum-fruehstueck\/\">Schokoladeneis<\/a><\/p>\n","protected":false},"excerpt":{"rendered":"<p><strong>Handgefertigtes bio Granola aus glutenfreien Haferflocken.<\/strong><\/p>\n<p>Er ist der Klassiker im Sortiment.<br \/>\nUnsere Mischung aus Schokolade, Mandeln &amp; Kokosnuss, die Funken (oder eher Nuggets) spr\u00fchen l\u00e4sst.<\/p>\n<p>Ohne Zuckerzusatz und 100 % pflanzlich.<\/p>\n<p>Wir verwenden <strong>fair gehandelten<\/strong> und <strong>100 % nat\u00fcrlichen<\/strong> peruanischen <strong>Schoko<\/strong>&#8211;<strong>Kakao<\/strong>.<br \/>\nWeil es uns am Herzen liegt!<\/p>\n<p>&nbsp;<\/p>\n","protected":false},"featured_media":3812,"comment_status":"open","ping_status":"closed","template":"","meta":{"_acf_changed":false},"product_brand":[],"product_cat":[491],"product_tag":[483,484,485,668,677,659,486,499,487,482,676,488,675,489,667,674,500,502,498,660],"giftcard-category":[],"class_list":{"0":"post-3475","1":"product","2":"type-product","3":"status-publish","4":"has-post-thumbnail","6":"label-best-seller-de","7":"product_cat-granola-de-2","8":"product_tag-biel","9":"product_tag-bio-de","10":"product_tag-biologisch","11":"product_tag-brunch-de","12":"product_tag-datteln","13":"product_tag-fruhstuck-de-2","14":"product_tag-fruhstuck","15":"product_tag-glutenfrei","16":"product_tag-granola-de","17":"product_tag-handwerklich","18":"product_tag-koko","19":"product_tag-lokal","20":"product_tag-mandeln","21":"product_tag-muesli-de","22":"product_tag-ohne-zucker","23":"product_tag-schokolade","24":"product_tag-schweizer","25":"product_tag-snack-de","26":"product_tag-vegan-de","27":"product_tag-vegan-de-2","29":"first","30":"instock","31":"shipping-taxable","32":"purchasable","33":"product-type-variable"},"acf":[],"yoast_head":"<!-- This site is optimized with the Yoast SEO plugin v27.3 - https:\/\/yoast.com\/product\/yoast-seo-wordpress\/ -->\n<title>Granola bio &#8211; Bio Granola El Chocoloco 350g &#8211; Gran&#039;Hola<\/title>\n<meta name=\"description\" content=\"Granola mit Schokolade, Mandeln und Kokosnuss. Reich an Ballaststoffen und Proteinen f\u00fcr das Fr\u00fchst\u00fcck oder als leckerer, 100% nat\u00fcrlicher Snack!\" \/>\n<meta name=\"robots\" content=\"index, follow, max-snippet:-1, max-image-preview:large, max-video-preview:-1\" \/>\n<link rel=\"canonical\" href=\"https:\/\/gran-hola.ch\/de\/produkt\/granola-chocolat\/\" \/>\n<meta property=\"og:locale\" content=\"de_DE\" \/>\n<meta property=\"og:type\" content=\"article\" \/>\n<meta property=\"og:title\" content=\"Granola bio &#8211; Bio Granola El Chocoloco 350g &#8211; Gran&#039;Hola\" \/>\n<meta property=\"og:description\" content=\"Granola mit Schokolade, Mandeln und Kokosnuss. Reich an Ballaststoffen und Proteinen f\u00fcr das Fr\u00fchst\u00fcck oder als leckerer, 100% nat\u00fcrlicher Snack!\" \/>\n<meta property=\"og:url\" content=\"https:\/\/gran-hola.ch\/de\/produkt\/granola-chocolat\/\" \/>\n<meta property=\"og:site_name\" content=\"Gran&#039;Hola\" \/>\n<meta property=\"article:publisher\" content=\"https:\/\/www.facebook.com\/granhola.ch\/\" \/>\n<meta property=\"article:modified_time\" content=\"2023-05-19T12:38:58+00:00\" \/>\n<meta property=\"og:image\" content=\"https:\/\/gran-hola.ch\/wp-content\/uploads\/2022\/05\/photo-webshop-la-chocoloco-350g00002.jpg\" \/>\n\t<meta property=\"og:image:width\" content=\"2048\" \/>\n\t<meta property=\"og:image:height\" content=\"2048\" \/>\n\t<meta property=\"og:image:type\" content=\"image\/jpeg\" \/>\n<meta name=\"twitter:card\" content=\"summary_large_image\" \/>\n<meta name=\"twitter:label1\" content=\"Gesch\u00e4tzte Lesezeit\" \/>\n\t<meta name=\"twitter:data1\" content=\"2\u00a0Minuten\" \/>\n<script type=\"application\/ld+json\" class=\"yoast-schema-graph\">{\"@context\":\"https:\\\/\\\/schema.org\",\"@graph\":[{\"@type\":\"WebPage\",\"@id\":\"https:\\\/\\\/gran-hola.ch\\\/de\\\/produkt\\\/granola-chocolat\\\/\",\"url\":\"https:\\\/\\\/gran-hola.ch\\\/de\\\/produkt\\\/granola-chocolat\\\/\",\"name\":\"Granola bio &#8211; Bio Granola El Chocoloco 350g &#8211; Gran&#039;Hola\",\"isPartOf\":{\"@id\":\"https:\\\/\\\/gran-hola.ch\\\/de\\\/#website\"},\"primaryImageOfPage\":{\"@id\":\"https:\\\/\\\/gran-hola.ch\\\/de\\\/produkt\\\/granola-chocolat\\\/#primaryimage\"},\"image\":{\"@id\":\"https:\\\/\\\/gran-hola.ch\\\/de\\\/produkt\\\/granola-chocolat\\\/#primaryimage\"},\"thumbnailUrl\":\"https:\\\/\\\/i0.wp.com\\\/gran-hola.ch\\\/wp-content\\\/uploads\\\/2022\\\/05\\\/photo-webshop-la-chocoloco-350g00002.jpg?fit=2048%2C2048&ssl=1\",\"datePublished\":\"2021-03-11T14:09:19+00:00\",\"dateModified\":\"2023-05-19T12:38:58+00:00\",\"description\":\"Granola mit Schokolade, Mandeln und Kokosnuss. Reich an Ballaststoffen und Proteinen f\u00fcr das Fr\u00fchst\u00fcck oder als leckerer, 100% nat\u00fcrlicher Snack!\",\"breadcrumb\":{\"@id\":\"https:\\\/\\\/gran-hola.ch\\\/de\\\/produkt\\\/granola-chocolat\\\/#breadcrumb\"},\"inLanguage\":\"de\",\"potentialAction\":[{\"@type\":\"ReadAction\",\"target\":[\"https:\\\/\\\/gran-hola.ch\\\/de\\\/produkt\\\/granola-chocolat\\\/\"]}]},{\"@type\":\"ImageObject\",\"inLanguage\":\"de\",\"@id\":\"https:\\\/\\\/gran-hola.ch\\\/de\\\/produkt\\\/granola-chocolat\\\/#primaryimage\",\"url\":\"https:\\\/\\\/i0.wp.com\\\/gran-hola.ch\\\/wp-content\\\/uploads\\\/2022\\\/05\\\/photo-webshop-la-chocoloco-350g00002.jpg?fit=2048%2C2048&ssl=1\",\"contentUrl\":\"https:\\\/\\\/i0.wp.com\\\/gran-hola.ch\\\/wp-content\\\/uploads\\\/2022\\\/05\\\/photo-webshop-la-chocoloco-350g00002.jpg?fit=2048%2C2048&ssl=1\",\"width\":2048,\"height\":2048},{\"@type\":\"BreadcrumbList\",\"@id\":\"https:\\\/\\\/gran-hola.ch\\\/de\\\/produkt\\\/granola-chocolat\\\/#breadcrumb\",\"itemListElement\":[{\"@type\":\"ListItem\",\"position\":1,\"name\":\"Accueil\",\"item\":\"https:\\\/\\\/gran-hola.ch\\\/de\\\/\"},{\"@type\":\"ListItem\",\"position\":2,\"name\":\"Shop\",\"item\":\"https:\\\/\\\/gran-hola.ch\\\/de\\\/shop\\\/\"},{\"@type\":\"ListItem\",\"position\":3,\"name\":\"Bio Granola El Chocoloco 350g\"}]},{\"@type\":\"WebSite\",\"@id\":\"https:\\\/\\\/gran-hola.ch\\\/de\\\/#website\",\"url\":\"https:\\\/\\\/gran-hola.ch\\\/de\\\/\",\"name\":\"Gran&#039;Hola\",\"description\":\"Granola artisanal, bio et sans gluten\",\"publisher\":{\"@id\":\"https:\\\/\\\/gran-hola.ch\\\/de\\\/#organization\"},\"potentialAction\":[{\"@type\":\"SearchAction\",\"target\":{\"@type\":\"EntryPoint\",\"urlTemplate\":\"https:\\\/\\\/gran-hola.ch\\\/de\\\/?s={search_term_string}\"},\"query-input\":{\"@type\":\"PropertyValueSpecification\",\"valueRequired\":true,\"valueName\":\"search_term_string\"}}],\"inLanguage\":\"de\"},{\"@type\":\"Organization\",\"@id\":\"https:\\\/\\\/gran-hola.ch\\\/de\\\/#organization\",\"name\":\"Gran'Hola\",\"url\":\"https:\\\/\\\/gran-hola.ch\\\/de\\\/\",\"logo\":{\"@type\":\"ImageObject\",\"inLanguage\":\"de\",\"@id\":\"https:\\\/\\\/gran-hola.ch\\\/de\\\/#\\\/schema\\\/logo\\\/image\\\/\",\"url\":\"https:\\\/\\\/gran-hola.ch\\\/wp-content\\\/uploads\\\/2020\\\/04\\\/logo-granola-new.png\",\"contentUrl\":\"https:\\\/\\\/gran-hola.ch\\\/wp-content\\\/uploads\\\/2020\\\/04\\\/logo-granola-new.png\",\"width\":340,\"height\":296,\"caption\":\"Gran'Hola\"},\"image\":{\"@id\":\"https:\\\/\\\/gran-hola.ch\\\/de\\\/#\\\/schema\\\/logo\\\/image\\\/\"},\"sameAs\":[\"https:\\\/\\\/www.facebook.com\\\/granhola.ch\\\/\",\"https:\\\/\\\/www.instagram.com\\\/granhola.ch\\\/\",\"https:\\\/\\\/www.linkedin.com\\\/company\\\/gran-hola\\\/\"]}]}<\/script>\n<!-- \/ Yoast SEO plugin. -->","yoast_head_json":{"title":"Granola bio &#8211; Bio Granola El Chocoloco 350g &#8211; Gran&#039;Hola","description":"Granola mit Schokolade, Mandeln und Kokosnuss. Reich an Ballaststoffen und Proteinen f\u00fcr das Fr\u00fchst\u00fcck oder als leckerer, 100% nat\u00fcrlicher Snack!","robots":{"index":"index","follow":"follow","max-snippet":"max-snippet:-1","max-image-preview":"max-image-preview:large","max-video-preview":"max-video-preview:-1"},"canonical":"https:\/\/gran-hola.ch\/de\/produkt\/granola-chocolat\/","og_locale":"de_DE","og_type":"article","og_title":"Granola bio &#8211; Bio Granola El Chocoloco 350g &#8211; Gran&#039;Hola","og_description":"Granola mit Schokolade, Mandeln und Kokosnuss. Reich an Ballaststoffen und Proteinen f\u00fcr das Fr\u00fchst\u00fcck oder als leckerer, 100% nat\u00fcrlicher Snack!","og_url":"https:\/\/gran-hola.ch\/de\/produkt\/granola-chocolat\/","og_site_name":"Gran&#039;Hola","article_publisher":"https:\/\/www.facebook.com\/granhola.ch\/","article_modified_time":"2023-05-19T12:38:58+00:00","og_image":[{"width":2048,"height":2048,"url":"https:\/\/gran-hola.ch\/wp-content\/uploads\/2022\/05\/photo-webshop-la-chocoloco-350g00002.jpg","type":"image\/jpeg"}],"twitter_card":"summary_large_image","twitter_misc":{"Gesch\u00e4tzte Lesezeit":"2\u00a0Minuten"},"schema":{"@context":"https:\/\/schema.org","@graph":[{"@type":"WebPage","@id":"https:\/\/gran-hola.ch\/de\/produkt\/granola-chocolat\/","url":"https:\/\/gran-hola.ch\/de\/produkt\/granola-chocolat\/","name":"Granola bio &#8211; Bio Granola El Chocoloco 350g &#8211; Gran&#039;Hola","isPartOf":{"@id":"https:\/\/gran-hola.ch\/de\/#website"},"primaryImageOfPage":{"@id":"https:\/\/gran-hola.ch\/de\/produkt\/granola-chocolat\/#primaryimage"},"image":{"@id":"https:\/\/gran-hola.ch\/de\/produkt\/granola-chocolat\/#primaryimage"},"thumbnailUrl":"https:\/\/i0.wp.com\/gran-hola.ch\/wp-content\/uploads\/2022\/05\/photo-webshop-la-chocoloco-350g00002.jpg?fit=2048%2C2048&ssl=1","datePublished":"2021-03-11T14:09:19+00:00","dateModified":"2023-05-19T12:38:58+00:00","description":"Granola mit Schokolade, Mandeln und Kokosnuss. Reich an Ballaststoffen und Proteinen f\u00fcr das Fr\u00fchst\u00fcck oder als leckerer, 100% nat\u00fcrlicher Snack!","breadcrumb":{"@id":"https:\/\/gran-hola.ch\/de\/produkt\/granola-chocolat\/#breadcrumb"},"inLanguage":"de","potentialAction":[{"@type":"ReadAction","target":["https:\/\/gran-hola.ch\/de\/produkt\/granola-chocolat\/"]}]},{"@type":"ImageObject","inLanguage":"de","@id":"https:\/\/gran-hola.ch\/de\/produkt\/granola-chocolat\/#primaryimage","url":"https:\/\/i0.wp.com\/gran-hola.ch\/wp-content\/uploads\/2022\/05\/photo-webshop-la-chocoloco-350g00002.jpg?fit=2048%2C2048&ssl=1","contentUrl":"https:\/\/i0.wp.com\/gran-hola.ch\/wp-content\/uploads\/2022\/05\/photo-webshop-la-chocoloco-350g00002.jpg?fit=2048%2C2048&ssl=1","width":2048,"height":2048},{"@type":"BreadcrumbList","@id":"https:\/\/gran-hola.ch\/de\/produkt\/granola-chocolat\/#breadcrumb","itemListElement":[{"@type":"ListItem","position":1,"name":"Accueil","item":"https:\/\/gran-hola.ch\/de\/"},{"@type":"ListItem","position":2,"name":"Shop","item":"https:\/\/gran-hola.ch\/de\/shop\/"},{"@type":"ListItem","position":3,"name":"Bio Granola El Chocoloco 350g"}]},{"@type":"WebSite","@id":"https:\/\/gran-hola.ch\/de\/#website","url":"https:\/\/gran-hola.ch\/de\/","name":"Gran&#039;Hola","description":"Granola artisanal, bio et sans gluten","publisher":{"@id":"https:\/\/gran-hola.ch\/de\/#organization"},"potentialAction":[{"@type":"SearchAction","target":{"@type":"EntryPoint","urlTemplate":"https:\/\/gran-hola.ch\/de\/?s={search_term_string}"},"query-input":{"@type":"PropertyValueSpecification","valueRequired":true,"valueName":"search_term_string"}}],"inLanguage":"de"},{"@type":"Organization","@id":"https:\/\/gran-hola.ch\/de\/#organization","name":"Gran'Hola","url":"https:\/\/gran-hola.ch\/de\/","logo":{"@type":"ImageObject","inLanguage":"de","@id":"https:\/\/gran-hola.ch\/de\/#\/schema\/logo\/image\/","url":"https:\/\/gran-hola.ch\/wp-content\/uploads\/2020\/04\/logo-granola-new.png","contentUrl":"https:\/\/gran-hola.ch\/wp-content\/uploads\/2020\/04\/logo-granola-new.png","width":340,"height":296,"caption":"Gran'Hola"},"image":{"@id":"https:\/\/gran-hola.ch\/de\/#\/schema\/logo\/image\/"},"sameAs":["https:\/\/www.facebook.com\/granhola.ch\/","https:\/\/www.instagram.com\/granhola.ch\/","https:\/\/www.linkedin.com\/company\/gran-hola\/"]}]}},"jetpack_sharing_enabled":true,"_links":{"self":[{"href":"https:\/\/gran-hola.ch\/de\/wp-json\/wp\/v2\/product\/3475","targetHints":{"allow":["GET"]}}],"collection":[{"href":"https:\/\/gran-hola.ch\/de\/wp-json\/wp\/v2\/product"}],"about":[{"href":"https:\/\/gran-hola.ch\/de\/wp-json\/wp\/v2\/types\/product"}],"replies":[{"embeddable":true,"href":"https:\/\/gran-hola.ch\/de\/wp-json\/wp\/v2\/comments?post=3475"}],"wp:featuredmedia":[{"embeddable":true,"href":"https:\/\/gran-hola.ch\/de\/wp-json\/wp\/v2\/media\/3812"}],"wp:attachment":[{"href":"https:\/\/gran-hola.ch\/de\/wp-json\/wp\/v2\/media?parent=3475"}],"wp:term":[{"taxonomy":"product_brand","embeddable":true,"href":"https:\/\/gran-hola.ch\/de\/wp-json\/wp\/v2\/product_brand?post=3475"},{"taxonomy":"product_cat","embeddable":true,"href":"https:\/\/gran-hola.ch\/de\/wp-json\/wp\/v2\/product_cat?post=3475"},{"taxonomy":"product_tag","embeddable":true,"href":"https:\/\/gran-hola.ch\/de\/wp-json\/wp\/v2\/product_tag?post=3475"},{"taxonomy":"giftcard-category","embeddable":true,"href":"https:\/\/gran-hola.ch\/de\/wp-json\/wp\/v2\/giftcard-category?post=3475"}],"curies":[{"name":"wp","href":"https:\/\/api.w.org\/{rel}","templated":true}]}}