{"id":3474,"date":"2021-09-10T15:02:54","date_gmt":"2021-09-10T13:02:54","guid":{"rendered":"https:\/\/gran-hola.ch\/produit\/bio-granola-la-pachamama-350g\/"},"modified":"2023-06-28T13:13:09","modified_gmt":"2023-06-28T11:13:09","slug":"bio-granola-la-pachamama-350g","status":"publish","type":"product","link":"https:\/\/gran-hola.ch\/de\/produkt\/bio-granola-la-pachamama-350g\/","title":{"rendered":"Bio Granola La Pachamama 350g"},"content":{"rendered":"<p>Zutaten: <span style=\"font-weight: 400;\">Glutenfreie Haferflocken, Datteln, Sonnenblumenkerne,<\/span> <b>ganze Mandeln<\/b>, <span style=\"font-weight: 400;\">Cranberries 9,2%, Chiasamen 6,2%, Sonnenblumen\u00f6l, Ceylon-Zimt 0,7%, Schweizer Alpensalz.<\/span><\/p>\n<p>Alle Zutaten landwirtschaftlichen Ursprungs stammen aus kontrolliert biologischem Anbau.<\/p>\n<p><strong>Potenziell allergene Produkte<\/strong><\/p>\n<p>Ein mit bio Datteln ges\u00fcsstes Granola<\/p>\n<hr class=\"sep\">\n<p>Bio-Zertifizierung: CH-BIO-006, bio.inspecta AG<\/p>\n<p>Haltbarkeitsdauer: 9 Monate ab Produktion.<br \/>\nAn einem k\u00fchlen und trockenen Ort aufbewahren.<\/p>\n<p>Versand: Von uns von Hand verpackt und versiegelt. Schweizweit per Post innerhalb von 7-10 Werktagen verschickt. <strong>KOSTENLOSE<\/strong> versandkosten f\u00fcr bestellungen <strong>ab 75 chf!<\/strong><\/p>\n<hr>\n<p><span style=\"color: #b59357; font-size: 18px;\"><strong>Der Ursprung\/die Idee<\/strong><\/span><\/p>\n<p>Was bedeutet <strong>Pachamama<\/strong>?<br \/>\nPachamama bedeutet in der Quechua-Sprache \u201eMutter Erde\u201c. Dieser Begriff aus der Inka-Kultur bezeichnet die Beziehung zur Fruchtbarkeit.<\/p>\n<p>Unsere Gr\u00fcnderin Marie-Gabrielle stammt aus Peru, einem Land voller Ern\u00e4hrungssch\u00e4tze.<\/p>\n<p>Wir haben speziell ein Granola mit Aromen aus dem Anden-Gebiet kreiert.<\/p>\n<p><span style=\"color: #b59357; font-size: 18px;\"><strong>Zutaten<\/strong><\/span><\/p>\n\n<p><img data-recalc-dims=\"1\" loading=\"lazy\" decoding=\"async\" class=\"wp-image-2435 alignleft\" src=\"https:\/\/i0.wp.com\/gran-hola.ch\/wp-content\/uploads\/2021\/09\/chia.jpg?resize=109%2C109&#038;ssl=1\" alt=\"\" width=\"109\" height=\"109\" srcset=\"https:\/\/i0.wp.com\/gran-hola.ch\/wp-content\/uploads\/2021\/09\/chia.jpg?resize=600%2C600&amp;ssl=1 600w, https:\/\/i0.wp.com\/gran-hola.ch\/wp-content\/uploads\/2021\/09\/chia.jpg?resize=100%2C100&amp;ssl=1 100w, https:\/\/i0.wp.com\/gran-hola.ch\/wp-content\/uploads\/2021\/09\/chia.jpg?resize=300%2C300&amp;ssl=1 300w, https:\/\/i0.wp.com\/gran-hola.ch\/wp-content\/uploads\/2021\/09\/chia.jpg?resize=768%2C768&amp;ssl=1 768w, https:\/\/i0.wp.com\/gran-hola.ch\/wp-content\/uploads\/2021\/09\/chia.jpg?resize=700%2C700&amp;ssl=1 700w, https:\/\/i0.wp.com\/gran-hola.ch\/wp-content\/uploads\/2021\/09\/chia.jpg?resize=1000%2C1000&amp;ssl=1 1000w, https:\/\/i0.wp.com\/gran-hola.ch\/wp-content\/uploads\/2021\/09\/chia.jpg?w=1080&amp;ssl=1 1080w\" sizes=\"auto, (max-width: 109px) 100vw, 109px\" \/><\/p>\n<p><strong><span style=\"color: #a4493d;\"><span style=\"font-size: 16px;\"><em><\/em>Chia-Samen:<\/span><\/span> Die Inka- und Maya-V\u00f6lker nutzten sie, um den K\u00f6rper mit Energie zu versorgen.<\/strong> Als \u201eSuperfood\u201c betrachtet, sind sie Dein perfekter Verb\u00fcndeter, wenn Du Dich vegetarisch oder vegan ern\u00e4hrst. Sie enthalten zum Beispiel 5x mehr Calcium als Milch. Reich an Eisen und Vitamin C stecken sie voller Antioxidantien und st\u00e4rken so das Immunsystem. Sie sind eine ausgezeichnete Proteinquelle und erzeugen rasch ein S\u00e4ttigungsgef\u00fchl. Schliesslich versorgen sie den K\u00f6rper mit Omega-3 und 6, die das Gehirn und das Herz stimulieren und sch\u00fctzen.<\/p>\n<p><img data-recalc-dims=\"1\" loading=\"lazy\" decoding=\"async\" class=\"wp-image-2437 alignleft\" src=\"https:\/\/i0.wp.com\/gran-hola.ch\/wp-content\/uploads\/2021\/09\/cranberries.jpg?resize=102%2C102&#038;ssl=1\" alt=\"\" width=\"102\" height=\"102\" srcset=\"https:\/\/i0.wp.com\/gran-hola.ch\/wp-content\/uploads\/2021\/09\/cranberries.jpg?resize=600%2C600&amp;ssl=1 600w, https:\/\/i0.wp.com\/gran-hola.ch\/wp-content\/uploads\/2021\/09\/cranberries.jpg?resize=100%2C100&amp;ssl=1 100w, https:\/\/i0.wp.com\/gran-hola.ch\/wp-content\/uploads\/2021\/09\/cranberries.jpg?resize=300%2C300&amp;ssl=1 300w, https:\/\/i0.wp.com\/gran-hola.ch\/wp-content\/uploads\/2021\/09\/cranberries.jpg?resize=768%2C768&amp;ssl=1 768w, https:\/\/i0.wp.com\/gran-hola.ch\/wp-content\/uploads\/2021\/09\/cranberries.jpg?resize=700%2C700&amp;ssl=1 700w, https:\/\/i0.wp.com\/gran-hola.ch\/wp-content\/uploads\/2021\/09\/cranberries.jpg?resize=1000%2C1000&amp;ssl=1 1000w, https:\/\/i0.wp.com\/gran-hola.ch\/wp-content\/uploads\/2021\/09\/cranberries.jpg?w=1080&amp;ssl=1 1080w\" sizes=\"auto, (max-width: 102px) 100vw, 102px\" \/><\/p>\n<p><span style=\"color: #a4493d;\"><strong><em>Cranberries:<\/em><\/strong> Ihre Kultivierung geht auf die amerikanischen Indianer zur\u00fcck.<\/span> Cranberries galten damals als Heilmittel und sind eine der reichsten Fr\u00fcchte an Antioxidantien und Vitamin C. Sie sch\u00fctzen und regenerieren Magen und Blase und wirken dar\u00fcber hinaus antibakteriell. Der Verzehr als getrocknete Frucht erh\u00f6ht die Mineralstoffaufnahme (bis zu 5x mehr als frisch).<\/p>\n\n<p><img data-recalc-dims=\"1\" loading=\"lazy\" decoding=\"async\" class=\"wp-image-2438 alignleft\" src=\"https:\/\/i0.wp.com\/gran-hola.ch\/wp-content\/uploads\/2021\/09\/Sans-titre-1.jpg?resize=102%2C102&#038;ssl=1\" alt=\"\" width=\"102\" height=\"102\" srcset=\"https:\/\/i0.wp.com\/gran-hola.ch\/wp-content\/uploads\/2021\/09\/Sans-titre-1.jpg?resize=600%2C600&amp;ssl=1 600w, https:\/\/i0.wp.com\/gran-hola.ch\/wp-content\/uploads\/2021\/09\/Sans-titre-1.jpg?resize=100%2C100&amp;ssl=1 100w, https:\/\/i0.wp.com\/gran-hola.ch\/wp-content\/uploads\/2021\/09\/Sans-titre-1.jpg?resize=300%2C300&amp;ssl=1 300w, https:\/\/i0.wp.com\/gran-hola.ch\/wp-content\/uploads\/2021\/09\/Sans-titre-1.jpg?resize=768%2C768&amp;ssl=1 768w, https:\/\/i0.wp.com\/gran-hola.ch\/wp-content\/uploads\/2021\/09\/Sans-titre-1.jpg?resize=700%2C700&amp;ssl=1 700w, https:\/\/i0.wp.com\/gran-hola.ch\/wp-content\/uploads\/2021\/09\/Sans-titre-1.jpg?resize=1000%2C1000&amp;ssl=1 1000w, https:\/\/i0.wp.com\/gran-hola.ch\/wp-content\/uploads\/2021\/09\/Sans-titre-1.jpg?w=1080&amp;ssl=1 1080w\" sizes=\"auto, (max-width: 102px) 100vw, 102px\" \/><span style=\"color: #a4493d;\"><strong><em>Gepuffter Quinoa:<\/em><\/strong> Quinoa stammt aus S\u00fcdamerika und w\u00e4chst in den peruanischen Anden.<\/span> Quinoa wird oft f\u00e4lschlicherweise als Getreide angesehen, ist aber eine Pflanze, die beispielsweise zur Familie der R\u00fcben und des Spinats geh\u00f6rt. Quinoa ist sehr proteinreich und kalorienarm und somit perfekt f\u00fcr eine glutenfreie Ern\u00e4hrung. Sein hoher Ballaststoffgehalt erleichtert die Verdauung. Ferner ist Quinoa bekannt f\u00fcr seinen Gehalt an Vitamin B2 und Mangan.<\/p>\n\n<p><span style=\"color: #000000;\">F\u00fcr den letzten Schliff sorgt die Zugabe von<\/span> <span style=\"color: #a4493d;\"><strong><em>Zimt<\/em><\/strong> <span style=\"color: #000000;\">der zur St\u00e4rkung des Immunsystems beitr\u00e4gt und perfekter zur Wintersaison passt. Zimt ist ein Gew\u00fcrz, das h\u00e4ufig zur Stimulierung des K\u00f6rpers und zur Bek\u00e4mpfung der Grippe und anderer Virusinfektionen verwendet wird.<\/span><\/span><\/p>\n<p><span style=\"color: #b59357; font-size: 18px;\"><strong>Wie konsumiert man unser Granola?<\/strong><\/span><\/p>\n<p>Mische es mit einer Sch\u00fcssel mit Joghurt, Milch (vorzugsweise pflanzlicher Milch) und geschnittenem Obst.<br \/>\nOder konsumiere es als Snack am Nachmittag oder kurz vor einer sportlichen Aktivit\u00e4t.<br \/>\nUnsere knusprige Mischung bereichert Dich mit einer gesunden und leckeren Note!<\/p>\n<p>Hier ist ein <a href=\"https:\/\/gran-hola.ch\/de\/2021\/11\/05\/himbeer-konfituere\/\">originelles Rezept<\/a>, um dein Fr\u00fchst\u00fcck mit unserem <strong>Bio-Granola<\/strong> La Pachamama zu begleiten und zu verfeinern!<\/p>\n","protected":false},"excerpt":{"rendered":"<p><strong>Handgefertigtes bio Granola aus glutenfreien Haferflocken.<\/strong><\/p>\n<p>Unsere Mischung aus Chia, Preiselbeeren und Zimt ist eine Hommage an Mutter Erde!<\/p>\n<p>Ohne Zuckerzusatz und 100 % pflanzlich.<\/p>\n<p>Ein <strong>Superfood<\/strong>-Granola aus Peru \ud83c\uddf5\ud83c\uddea<\/p>\n<p>&nbsp;<\/p>\n","protected":false},"featured_media":3816,"comment_status":"open","ping_status":"closed","template":"","meta":{"_acf_changed":false},"product_brand":[],"product_cat":[491],"product_tag":[483,484,485,746,691,745,677,655,696,659,486,694,499,487,482,488,489,667,695,697,744,500,502,498,660],"giftcard-category":[],"class_list":{"0":"post-3474","1":"product","2":"type-product","3":"status-publish","4":"has-post-thumbnail","6":"product_cat-granola-de-2","7":"product_tag-biel","8":"product_tag-bio-de","9":"product_tag-biologisch","10":"product_tag-chia-de","11":"product_tag-cranberries-de","12":"product_tag-cranberries-de-2","13":"product_tag-datteln","14":"product_tag-fasern","15":"product_tag-food-de","16":"product_tag-fruhstuck-de-2","17":"product_tag-fruhstuck","18":"product_tag-glutenfree-de","19":"product_tag-glutenfrei","20":"product_tag-granola-de","21":"product_tag-handwerklich","22":"product_tag-lokal","23":"product_tag-muesli-de","24":"product_tag-ohne-zucker","25":"product_tag-organic-de","26":"product_tag-protein-de","27":"product_tag-samen","28":"product_tag-schweizer","29":"product_tag-snack-de","30":"product_tag-vegan-de","31":"product_tag-vegan-de-2","33":"first","34":"outofstock","35":"featured","36":"shipping-taxable","37":"purchasable","38":"product-type-simple"},"acf":[],"yoast_head":"<!-- This site is optimized with the Yoast SEO plugin v27.3 - https:\/\/yoast.com\/product\/yoast-seo-wordpress\/ -->\n<title>Bio Granola La Pachamama 350g &#8211; Gran&#039;Hola<\/title>\n<meta name=\"description\" content=\"Ein biologisches und glutenfreies Granola mit den Aromen der Anden. Eine Mischung aus Chia, Cranberries &amp; Zimt ohne Zuckerzusatz und 100% pflanzlich.\" \/>\n<meta name=\"robots\" content=\"index, follow, max-snippet:-1, max-image-preview:large, max-video-preview:-1\" \/>\n<link rel=\"canonical\" href=\"https:\/\/gran-hola.ch\/de\/produkt\/bio-granola-la-pachamama-350g\/\" \/>\n<meta property=\"og:locale\" content=\"de_DE\" \/>\n<meta property=\"og:type\" content=\"article\" \/>\n<meta property=\"og:title\" content=\"Bio Granola La Pachamama 350g &#8211; Gran&#039;Hola\" \/>\n<meta property=\"og:description\" content=\"Ein biologisches und glutenfreies Granola mit den Aromen der Anden. Eine Mischung aus Chia, Cranberries &amp; Zimt ohne Zuckerzusatz und 100% pflanzlich.\" \/>\n<meta property=\"og:url\" content=\"https:\/\/gran-hola.ch\/de\/produkt\/bio-granola-la-pachamama-350g\/\" \/>\n<meta property=\"og:site_name\" content=\"Gran&#039;Hola\" \/>\n<meta property=\"article:publisher\" content=\"https:\/\/www.facebook.com\/granhola.ch\/\" \/>\n<meta property=\"article:modified_time\" content=\"2023-06-28T11:13:09+00:00\" \/>\n<meta property=\"og:image\" content=\"https:\/\/gran-hola.ch\/wp-content\/uploads\/2022\/05\/photo-webshop-la-pachamama-350g00002.jpg\" \/>\n\t<meta property=\"og:image:width\" content=\"2048\" \/>\n\t<meta property=\"og:image:height\" content=\"2048\" \/>\n\t<meta property=\"og:image:type\" content=\"image\/jpeg\" \/>\n<meta name=\"twitter:card\" content=\"summary_large_image\" \/>\n<meta name=\"twitter:label1\" content=\"Gesch\u00e4tzte Lesezeit\" \/>\n\t<meta name=\"twitter:data1\" content=\"3\u00a0Minuten\" \/>\n<script type=\"application\/ld+json\" class=\"yoast-schema-graph\">{\"@context\":\"https:\\\/\\\/schema.org\",\"@graph\":[{\"@type\":\"WebPage\",\"@id\":\"https:\\\/\\\/gran-hola.ch\\\/de\\\/produkt\\\/bio-granola-la-pachamama-350g\\\/\",\"url\":\"https:\\\/\\\/gran-hola.ch\\\/de\\\/produkt\\\/bio-granola-la-pachamama-350g\\\/\",\"name\":\"Bio Granola La Pachamama 350g &#8211; Gran&#039;Hola\",\"isPartOf\":{\"@id\":\"https:\\\/\\\/gran-hola.ch\\\/de\\\/#website\"},\"primaryImageOfPage\":{\"@id\":\"https:\\\/\\\/gran-hola.ch\\\/de\\\/produkt\\\/bio-granola-la-pachamama-350g\\\/#primaryimage\"},\"image\":{\"@id\":\"https:\\\/\\\/gran-hola.ch\\\/de\\\/produkt\\\/bio-granola-la-pachamama-350g\\\/#primaryimage\"},\"thumbnailUrl\":\"https:\\\/\\\/i0.wp.com\\\/gran-hola.ch\\\/wp-content\\\/uploads\\\/2022\\\/05\\\/photo-webshop-la-pachamama-350g00002.jpg?fit=2048%2C2048&ssl=1\",\"datePublished\":\"2021-09-10T13:02:54+00:00\",\"dateModified\":\"2023-06-28T11:13:09+00:00\",\"description\":\"Ein biologisches und glutenfreies Granola mit den Aromen der Anden. Eine Mischung aus Chia, Cranberries & Zimt ohne Zuckerzusatz und 100% pflanzlich.\",\"breadcrumb\":{\"@id\":\"https:\\\/\\\/gran-hola.ch\\\/de\\\/produkt\\\/bio-granola-la-pachamama-350g\\\/#breadcrumb\"},\"inLanguage\":\"de\",\"potentialAction\":[{\"@type\":\"ReadAction\",\"target\":[\"https:\\\/\\\/gran-hola.ch\\\/de\\\/produkt\\\/bio-granola-la-pachamama-350g\\\/\"]}]},{\"@type\":\"ImageObject\",\"inLanguage\":\"de\",\"@id\":\"https:\\\/\\\/gran-hola.ch\\\/de\\\/produkt\\\/bio-granola-la-pachamama-350g\\\/#primaryimage\",\"url\":\"https:\\\/\\\/i0.wp.com\\\/gran-hola.ch\\\/wp-content\\\/uploads\\\/2022\\\/05\\\/photo-webshop-la-pachamama-350g00002.jpg?fit=2048%2C2048&ssl=1\",\"contentUrl\":\"https:\\\/\\\/i0.wp.com\\\/gran-hola.ch\\\/wp-content\\\/uploads\\\/2022\\\/05\\\/photo-webshop-la-pachamama-350g00002.jpg?fit=2048%2C2048&ssl=1\",\"width\":2048,\"height\":2048},{\"@type\":\"BreadcrumbList\",\"@id\":\"https:\\\/\\\/gran-hola.ch\\\/de\\\/produkt\\\/bio-granola-la-pachamama-350g\\\/#breadcrumb\",\"itemListElement\":[{\"@type\":\"ListItem\",\"position\":1,\"name\":\"Accueil\",\"item\":\"https:\\\/\\\/gran-hola.ch\\\/de\\\/\"},{\"@type\":\"ListItem\",\"position\":2,\"name\":\"Shop\",\"item\":\"https:\\\/\\\/gran-hola.ch\\\/de\\\/shop\\\/\"},{\"@type\":\"ListItem\",\"position\":3,\"name\":\"Bio Granola La Pachamama 350g\"}]},{\"@type\":\"WebSite\",\"@id\":\"https:\\\/\\\/gran-hola.ch\\\/de\\\/#website\",\"url\":\"https:\\\/\\\/gran-hola.ch\\\/de\\\/\",\"name\":\"Gran&#039;Hola\",\"description\":\"Granola artisanal, bio et sans gluten\",\"publisher\":{\"@id\":\"https:\\\/\\\/gran-hola.ch\\\/de\\\/#organization\"},\"potentialAction\":[{\"@type\":\"SearchAction\",\"target\":{\"@type\":\"EntryPoint\",\"urlTemplate\":\"https:\\\/\\\/gran-hola.ch\\\/de\\\/?s={search_term_string}\"},\"query-input\":{\"@type\":\"PropertyValueSpecification\",\"valueRequired\":true,\"valueName\":\"search_term_string\"}}],\"inLanguage\":\"de\"},{\"@type\":\"Organization\",\"@id\":\"https:\\\/\\\/gran-hola.ch\\\/de\\\/#organization\",\"name\":\"Gran'Hola\",\"url\":\"https:\\\/\\\/gran-hola.ch\\\/de\\\/\",\"logo\":{\"@type\":\"ImageObject\",\"inLanguage\":\"de\",\"@id\":\"https:\\\/\\\/gran-hola.ch\\\/de\\\/#\\\/schema\\\/logo\\\/image\\\/\",\"url\":\"https:\\\/\\\/gran-hola.ch\\\/wp-content\\\/uploads\\\/2020\\\/04\\\/logo-granola-new.png\",\"contentUrl\":\"https:\\\/\\\/gran-hola.ch\\\/wp-content\\\/uploads\\\/2020\\\/04\\\/logo-granola-new.png\",\"width\":340,\"height\":296,\"caption\":\"Gran'Hola\"},\"image\":{\"@id\":\"https:\\\/\\\/gran-hola.ch\\\/de\\\/#\\\/schema\\\/logo\\\/image\\\/\"},\"sameAs\":[\"https:\\\/\\\/www.facebook.com\\\/granhola.ch\\\/\",\"https:\\\/\\\/www.instagram.com\\\/granhola.ch\\\/\",\"https:\\\/\\\/www.linkedin.com\\\/company\\\/gran-hola\\\/\"]}]}<\/script>\n<!-- \/ Yoast SEO plugin. -->","yoast_head_json":{"title":"Bio Granola La Pachamama 350g &#8211; Gran&#039;Hola","description":"Ein biologisches und glutenfreies Granola mit den Aromen der Anden. Eine Mischung aus Chia, Cranberries & Zimt ohne Zuckerzusatz und 100% pflanzlich.","robots":{"index":"index","follow":"follow","max-snippet":"max-snippet:-1","max-image-preview":"max-image-preview:large","max-video-preview":"max-video-preview:-1"},"canonical":"https:\/\/gran-hola.ch\/de\/produkt\/bio-granola-la-pachamama-350g\/","og_locale":"de_DE","og_type":"article","og_title":"Bio Granola La Pachamama 350g &#8211; Gran&#039;Hola","og_description":"Ein biologisches und glutenfreies Granola mit den Aromen der Anden. Eine Mischung aus Chia, Cranberries & Zimt ohne Zuckerzusatz und 100% pflanzlich.","og_url":"https:\/\/gran-hola.ch\/de\/produkt\/bio-granola-la-pachamama-350g\/","og_site_name":"Gran&#039;Hola","article_publisher":"https:\/\/www.facebook.com\/granhola.ch\/","article_modified_time":"2023-06-28T11:13:09+00:00","og_image":[{"width":2048,"height":2048,"url":"https:\/\/gran-hola.ch\/wp-content\/uploads\/2022\/05\/photo-webshop-la-pachamama-350g00002.jpg","type":"image\/jpeg"}],"twitter_card":"summary_large_image","twitter_misc":{"Gesch\u00e4tzte Lesezeit":"3\u00a0Minuten"},"schema":{"@context":"https:\/\/schema.org","@graph":[{"@type":"WebPage","@id":"https:\/\/gran-hola.ch\/de\/produkt\/bio-granola-la-pachamama-350g\/","url":"https:\/\/gran-hola.ch\/de\/produkt\/bio-granola-la-pachamama-350g\/","name":"Bio Granola La Pachamama 350g &#8211; Gran&#039;Hola","isPartOf":{"@id":"https:\/\/gran-hola.ch\/de\/#website"},"primaryImageOfPage":{"@id":"https:\/\/gran-hola.ch\/de\/produkt\/bio-granola-la-pachamama-350g\/#primaryimage"},"image":{"@id":"https:\/\/gran-hola.ch\/de\/produkt\/bio-granola-la-pachamama-350g\/#primaryimage"},"thumbnailUrl":"https:\/\/i0.wp.com\/gran-hola.ch\/wp-content\/uploads\/2022\/05\/photo-webshop-la-pachamama-350g00002.jpg?fit=2048%2C2048&ssl=1","datePublished":"2021-09-10T13:02:54+00:00","dateModified":"2023-06-28T11:13:09+00:00","description":"Ein biologisches und glutenfreies Granola mit den Aromen der Anden. Eine Mischung aus Chia, Cranberries & Zimt ohne Zuckerzusatz und 100% pflanzlich.","breadcrumb":{"@id":"https:\/\/gran-hola.ch\/de\/produkt\/bio-granola-la-pachamama-350g\/#breadcrumb"},"inLanguage":"de","potentialAction":[{"@type":"ReadAction","target":["https:\/\/gran-hola.ch\/de\/produkt\/bio-granola-la-pachamama-350g\/"]}]},{"@type":"ImageObject","inLanguage":"de","@id":"https:\/\/gran-hola.ch\/de\/produkt\/bio-granola-la-pachamama-350g\/#primaryimage","url":"https:\/\/i0.wp.com\/gran-hola.ch\/wp-content\/uploads\/2022\/05\/photo-webshop-la-pachamama-350g00002.jpg?fit=2048%2C2048&ssl=1","contentUrl":"https:\/\/i0.wp.com\/gran-hola.ch\/wp-content\/uploads\/2022\/05\/photo-webshop-la-pachamama-350g00002.jpg?fit=2048%2C2048&ssl=1","width":2048,"height":2048},{"@type":"BreadcrumbList","@id":"https:\/\/gran-hola.ch\/de\/produkt\/bio-granola-la-pachamama-350g\/#breadcrumb","itemListElement":[{"@type":"ListItem","position":1,"name":"Accueil","item":"https:\/\/gran-hola.ch\/de\/"},{"@type":"ListItem","position":2,"name":"Shop","item":"https:\/\/gran-hola.ch\/de\/shop\/"},{"@type":"ListItem","position":3,"name":"Bio Granola La Pachamama 350g"}]},{"@type":"WebSite","@id":"https:\/\/gran-hola.ch\/de\/#website","url":"https:\/\/gran-hola.ch\/de\/","name":"Gran&#039;Hola","description":"Granola artisanal, bio et sans gluten","publisher":{"@id":"https:\/\/gran-hola.ch\/de\/#organization"},"potentialAction":[{"@type":"SearchAction","target":{"@type":"EntryPoint","urlTemplate":"https:\/\/gran-hola.ch\/de\/?s={search_term_string}"},"query-input":{"@type":"PropertyValueSpecification","valueRequired":true,"valueName":"search_term_string"}}],"inLanguage":"de"},{"@type":"Organization","@id":"https:\/\/gran-hola.ch\/de\/#organization","name":"Gran'Hola","url":"https:\/\/gran-hola.ch\/de\/","logo":{"@type":"ImageObject","inLanguage":"de","@id":"https:\/\/gran-hola.ch\/de\/#\/schema\/logo\/image\/","url":"https:\/\/gran-hola.ch\/wp-content\/uploads\/2020\/04\/logo-granola-new.png","contentUrl":"https:\/\/gran-hola.ch\/wp-content\/uploads\/2020\/04\/logo-granola-new.png","width":340,"height":296,"caption":"Gran'Hola"},"image":{"@id":"https:\/\/gran-hola.ch\/de\/#\/schema\/logo\/image\/"},"sameAs":["https:\/\/www.facebook.com\/granhola.ch\/","https:\/\/www.instagram.com\/granhola.ch\/","https:\/\/www.linkedin.com\/company\/gran-hola\/"]}]}},"jetpack_sharing_enabled":true,"_links":{"self":[{"href":"https:\/\/gran-hola.ch\/de\/wp-json\/wp\/v2\/product\/3474","targetHints":{"allow":["GET"]}}],"collection":[{"href":"https:\/\/gran-hola.ch\/de\/wp-json\/wp\/v2\/product"}],"about":[{"href":"https:\/\/gran-hola.ch\/de\/wp-json\/wp\/v2\/types\/product"}],"replies":[{"embeddable":true,"href":"https:\/\/gran-hola.ch\/de\/wp-json\/wp\/v2\/comments?post=3474"}],"wp:featuredmedia":[{"embeddable":true,"href":"https:\/\/gran-hola.ch\/de\/wp-json\/wp\/v2\/media\/3816"}],"wp:attachment":[{"href":"https:\/\/gran-hola.ch\/de\/wp-json\/wp\/v2\/media?parent=3474"}],"wp:term":[{"taxonomy":"product_brand","embeddable":true,"href":"https:\/\/gran-hola.ch\/de\/wp-json\/wp\/v2\/product_brand?post=3474"},{"taxonomy":"product_cat","embeddable":true,"href":"https:\/\/gran-hola.ch\/de\/wp-json\/wp\/v2\/product_cat?post=3474"},{"taxonomy":"product_tag","embeddable":true,"href":"https:\/\/gran-hola.ch\/de\/wp-json\/wp\/v2\/product_tag?post=3474"},{"taxonomy":"giftcard-category","embeddable":true,"href":"https:\/\/gran-hola.ch\/de\/wp-json\/wp\/v2\/giftcard-category?post=3474"}],"curies":[{"name":"wp","href":"https:\/\/api.w.org\/{rel}","templated":true}]}}