{"id":3473,"date":"2021-09-10T11:13:20","date_gmt":"2021-09-10T09:13:20","guid":{"rendered":"https:\/\/gran-hola.ch\/produit\/bio-granola-laventura-350g\/"},"modified":"2023-10-31T10:57:36","modified_gmt":"2023-10-31T09:57:36","slug":"bio-granola-laventura-350g","status":"publish","type":"product","link":"https:\/\/gran-hola.ch\/de\/produkt\/bio-granola-laventura-350g\/","title":{"rendered":"Bio Granola L\u2019Aventura 350g"},"content":{"rendered":"<p>Zutaten: Glutenfreie Haferflocken* (&lt;&lt;20ppm), Dattelpaste*, <strong>Mandeln*<\/strong>, <strong>Cashewn\u00fcsse* 8.8%<\/strong>, <strong>Chiasamen<\/strong>*, Dattelsirup*, Meersalz, Vanilleextrakt* 0.2%.<\/p>\n<p>*Alle Zutaten landwirtschaftlichen Ursprungs stammen aus biologischem Anbau.<\/p>\n<p><strong>Potenziell allergene Produkte<\/strong><\/p>\n<p>Ein mit bio Datteln ges\u00fcsstes Granola<\/p>\n<hr class=\"sep\">\n<p>Bio-Zertifizierung: CH-BIO-038, bio.inspecta AG<\/p>\n<p>Haltbarkeitsdauer: 12 Monate ab Produktion.<br \/>\nAn einem k\u00fchlen und trockenen Ort aufbewahren.<\/p>\n<p>Versand: Von uns von Hand verpackt und versiegelt. Schweizweit per Post innerhalb von 7-10 Werktagen verschickt. <strong>KOSTENLOSE<\/strong> versandkosten bei bestellungen <strong>ab 110 chf<\/strong>!<\/p>\n<p>Alle unsere Mischungen werden in einer <strong>handwerklichen glutenfreien Werkstatt<\/strong> hergestellt.<\/p>\n<hr>\n<p><span style=\"color: #b59357; font-size: 18px;\"><strong>Der Geschmack der Natur<\/strong><\/span><\/p>\n<p>Warum <strong>L\u2019Aventura<\/strong>?<br \/>\nDurch unsere Reisen haben wir k\u00f6stliche Zutaten aus aller Welt entdeckt. Unsere Leidenschaft f\u00fcr Fr\u00fchst\u00fcck und <strong>N\u00fcsse<\/strong> hat uns dazu gebracht, eine leckere Mischung mit <strong>Bourbon-Vanille<\/strong> zu entwickeln, weil sie so unglaublich gesund ist!<\/p>\n<p>Ein <strong>knuspriges<\/strong> Granola, um am Morgen in die Natur einzutauchen.<\/p>\n\n<p><span style=\"color: #b59357; font-size: 18px;\"><strong>Wie konsumiert man unser Granola?<\/strong><\/span><\/p>\n<p>Mische es mit einer Sch\u00fcssel mit Joghurt, Milch (vorzugsweise pflanzlicher Milch) und geschnittenem Obst.<br \/>\nOder konsumiere es als Snack am Nachmittag oder kurz vor einer sportlichen Aktivit\u00e4t.<br \/>\nUnsere knusprige Mischung bereichert Dich mit einer gesunden und leckeren Note!<\/p>\n","protected":false},"excerpt":{"rendered":"<p><strong>Handgefertigtes bio Granola aus glutenfreien Haferflocken.<\/strong><\/p>\n<p>Unsere crunchy Cashew- &amp; Vanille-Mischung f\u00fcr eine R\u00fcckkehr zu den einfachen Dingen.<\/p>\n<p>Ohne Zuckerzusatz und 100 % pflanzlich.<\/p>\n<p>&nbsp;<\/p>\n","protected":false},"featured_media":3810,"comment_status":"open","ping_status":"closed","template":"","meta":{"_acf_changed":false},"product_brand":[],"product_cat":[491],"product_tag":[],"giftcard-category":[],"class_list":{"0":"post-3473","1":"product","2":"type-product","3":"status-publish","4":"has-post-thumbnail","6":"product_cat-granola-de-2","8":"first","9":"instock","10":"featured","11":"shipping-taxable","12":"purchasable","13":"product-type-variable"},"acf":[],"yoast_head":"<!-- This site is optimized with the Yoast SEO plugin v27.3 - https:\/\/yoast.com\/product\/yoast-seo-wordpress\/ -->\n<title>Bio Granola L\u2019Aventura 350g &#8211; Gran&#039;Hola<\/title>\n<meta name=\"description\" content=\"Ein biologisches und glutenfreies Granola Crunchy und Natur. Eine Cashew-Vanille-Mischung, reich an Ballaststoffen und Proteinen, perfekt f\u00fcr ein gesundes und leckeres Fr\u00fchst\u00fcck!\" \/>\n<meta name=\"robots\" content=\"index, follow, max-snippet:-1, max-image-preview:large, max-video-preview:-1\" \/>\n<link rel=\"canonical\" href=\"https:\/\/gran-hola.ch\/de\/produkt\/bio-granola-laventura-350g\/\" \/>\n<meta property=\"og:locale\" content=\"de_DE\" \/>\n<meta property=\"og:type\" content=\"article\" \/>\n<meta property=\"og:title\" content=\"Bio Granola L\u2019Aventura 350g &#8211; Gran&#039;Hola\" \/>\n<meta property=\"og:description\" content=\"Ein biologisches und glutenfreies Granola Crunchy und Natur. Eine Cashew-Vanille-Mischung, reich an Ballaststoffen und Proteinen, perfekt f\u00fcr ein gesundes und leckeres Fr\u00fchst\u00fcck!\" \/>\n<meta property=\"og:url\" content=\"https:\/\/gran-hola.ch\/de\/produkt\/bio-granola-laventura-350g\/\" \/>\n<meta property=\"og:site_name\" content=\"Gran&#039;Hola\" \/>\n<meta property=\"article:publisher\" content=\"https:\/\/www.facebook.com\/granhola.ch\/\" \/>\n<meta property=\"article:modified_time\" content=\"2023-10-31T09:57:36+00:00\" \/>\n<meta property=\"og:image\" content=\"https:\/\/gran-hola.ch\/wp-content\/uploads\/2022\/05\/photo-webshop-laventura-350g00001.jpg\" \/>\n\t<meta property=\"og:image:width\" content=\"2048\" \/>\n\t<meta property=\"og:image:height\" content=\"2048\" \/>\n\t<meta property=\"og:image:type\" content=\"image\/jpeg\" \/>\n<meta name=\"twitter:card\" content=\"summary_large_image\" \/>\n<meta name=\"twitter:label1\" content=\"Gesch\u00e4tzte Lesezeit\" \/>\n\t<meta name=\"twitter:data1\" content=\"1\u00a0Minute\" \/>\n<script type=\"application\/ld+json\" class=\"yoast-schema-graph\">{\"@context\":\"https:\\\/\\\/schema.org\",\"@graph\":[{\"@type\":\"WebPage\",\"@id\":\"https:\\\/\\\/gran-hola.ch\\\/de\\\/produkt\\\/bio-granola-laventura-350g\\\/\",\"url\":\"https:\\\/\\\/gran-hola.ch\\\/de\\\/produkt\\\/bio-granola-laventura-350g\\\/\",\"name\":\"Bio Granola L\u2019Aventura 350g &#8211; Gran&#039;Hola\",\"isPartOf\":{\"@id\":\"https:\\\/\\\/gran-hola.ch\\\/de\\\/#website\"},\"primaryImageOfPage\":{\"@id\":\"https:\\\/\\\/gran-hola.ch\\\/de\\\/produkt\\\/bio-granola-laventura-350g\\\/#primaryimage\"},\"image\":{\"@id\":\"https:\\\/\\\/gran-hola.ch\\\/de\\\/produkt\\\/bio-granola-laventura-350g\\\/#primaryimage\"},\"thumbnailUrl\":\"https:\\\/\\\/i0.wp.com\\\/gran-hola.ch\\\/wp-content\\\/uploads\\\/2022\\\/05\\\/photo-webshop-laventura-350g00001.jpg?fit=2048%2C2048&ssl=1\",\"datePublished\":\"2021-09-10T09:13:20+00:00\",\"dateModified\":\"2023-10-31T09:57:36+00:00\",\"description\":\"Ein biologisches und glutenfreies Granola Crunchy und Natur. Eine Cashew-Vanille-Mischung, reich an Ballaststoffen und Proteinen, perfekt f\u00fcr ein gesundes und leckeres Fr\u00fchst\u00fcck!\",\"breadcrumb\":{\"@id\":\"https:\\\/\\\/gran-hola.ch\\\/de\\\/produkt\\\/bio-granola-laventura-350g\\\/#breadcrumb\"},\"inLanguage\":\"de\",\"potentialAction\":[{\"@type\":\"ReadAction\",\"target\":[\"https:\\\/\\\/gran-hola.ch\\\/de\\\/produkt\\\/bio-granola-laventura-350g\\\/\"]}]},{\"@type\":\"ImageObject\",\"inLanguage\":\"de\",\"@id\":\"https:\\\/\\\/gran-hola.ch\\\/de\\\/produkt\\\/bio-granola-laventura-350g\\\/#primaryimage\",\"url\":\"https:\\\/\\\/i0.wp.com\\\/gran-hola.ch\\\/wp-content\\\/uploads\\\/2022\\\/05\\\/photo-webshop-laventura-350g00001.jpg?fit=2048%2C2048&ssl=1\",\"contentUrl\":\"https:\\\/\\\/i0.wp.com\\\/gran-hola.ch\\\/wp-content\\\/uploads\\\/2022\\\/05\\\/photo-webshop-laventura-350g00001.jpg?fit=2048%2C2048&ssl=1\",\"width\":2048,\"height\":2048},{\"@type\":\"BreadcrumbList\",\"@id\":\"https:\\\/\\\/gran-hola.ch\\\/de\\\/produkt\\\/bio-granola-laventura-350g\\\/#breadcrumb\",\"itemListElement\":[{\"@type\":\"ListItem\",\"position\":1,\"name\":\"Accueil\",\"item\":\"https:\\\/\\\/gran-hola.ch\\\/de\\\/\"},{\"@type\":\"ListItem\",\"position\":2,\"name\":\"Shop\",\"item\":\"https:\\\/\\\/gran-hola.ch\\\/de\\\/shop\\\/\"},{\"@type\":\"ListItem\",\"position\":3,\"name\":\"Bio Granola L\u2019Aventura 350g\"}]},{\"@type\":\"WebSite\",\"@id\":\"https:\\\/\\\/gran-hola.ch\\\/de\\\/#website\",\"url\":\"https:\\\/\\\/gran-hola.ch\\\/de\\\/\",\"name\":\"Gran&#039;Hola\",\"description\":\"Granola artisanal, bio et sans gluten\",\"publisher\":{\"@id\":\"https:\\\/\\\/gran-hola.ch\\\/de\\\/#organization\"},\"potentialAction\":[{\"@type\":\"SearchAction\",\"target\":{\"@type\":\"EntryPoint\",\"urlTemplate\":\"https:\\\/\\\/gran-hola.ch\\\/de\\\/?s={search_term_string}\"},\"query-input\":{\"@type\":\"PropertyValueSpecification\",\"valueRequired\":true,\"valueName\":\"search_term_string\"}}],\"inLanguage\":\"de\"},{\"@type\":\"Organization\",\"@id\":\"https:\\\/\\\/gran-hola.ch\\\/de\\\/#organization\",\"name\":\"Gran'Hola\",\"url\":\"https:\\\/\\\/gran-hola.ch\\\/de\\\/\",\"logo\":{\"@type\":\"ImageObject\",\"inLanguage\":\"de\",\"@id\":\"https:\\\/\\\/gran-hola.ch\\\/de\\\/#\\\/schema\\\/logo\\\/image\\\/\",\"url\":\"https:\\\/\\\/gran-hola.ch\\\/wp-content\\\/uploads\\\/2020\\\/04\\\/logo-granola-new.png\",\"contentUrl\":\"https:\\\/\\\/gran-hola.ch\\\/wp-content\\\/uploads\\\/2020\\\/04\\\/logo-granola-new.png\",\"width\":340,\"height\":296,\"caption\":\"Gran'Hola\"},\"image\":{\"@id\":\"https:\\\/\\\/gran-hola.ch\\\/de\\\/#\\\/schema\\\/logo\\\/image\\\/\"},\"sameAs\":[\"https:\\\/\\\/www.facebook.com\\\/granhola.ch\\\/\",\"https:\\\/\\\/www.instagram.com\\\/granhola.ch\\\/\",\"https:\\\/\\\/www.linkedin.com\\\/company\\\/gran-hola\\\/\"]}]}<\/script>\n<!-- \/ Yoast SEO plugin. -->","yoast_head_json":{"title":"Bio Granola L\u2019Aventura 350g &#8211; Gran&#039;Hola","description":"Ein biologisches und glutenfreies Granola Crunchy und Natur. Eine Cashew-Vanille-Mischung, reich an Ballaststoffen und Proteinen, perfekt f\u00fcr ein gesundes und leckeres Fr\u00fchst\u00fcck!","robots":{"index":"index","follow":"follow","max-snippet":"max-snippet:-1","max-image-preview":"max-image-preview:large","max-video-preview":"max-video-preview:-1"},"canonical":"https:\/\/gran-hola.ch\/de\/produkt\/bio-granola-laventura-350g\/","og_locale":"de_DE","og_type":"article","og_title":"Bio Granola L\u2019Aventura 350g &#8211; Gran&#039;Hola","og_description":"Ein biologisches und glutenfreies Granola Crunchy und Natur. Eine Cashew-Vanille-Mischung, reich an Ballaststoffen und Proteinen, perfekt f\u00fcr ein gesundes und leckeres Fr\u00fchst\u00fcck!","og_url":"https:\/\/gran-hola.ch\/de\/produkt\/bio-granola-laventura-350g\/","og_site_name":"Gran&#039;Hola","article_publisher":"https:\/\/www.facebook.com\/granhola.ch\/","article_modified_time":"2023-10-31T09:57:36+00:00","og_image":[{"width":2048,"height":2048,"url":"https:\/\/gran-hola.ch\/wp-content\/uploads\/2022\/05\/photo-webshop-laventura-350g00001.jpg","type":"image\/jpeg"}],"twitter_card":"summary_large_image","twitter_misc":{"Gesch\u00e4tzte Lesezeit":"1\u00a0Minute"},"schema":{"@context":"https:\/\/schema.org","@graph":[{"@type":"WebPage","@id":"https:\/\/gran-hola.ch\/de\/produkt\/bio-granola-laventura-350g\/","url":"https:\/\/gran-hola.ch\/de\/produkt\/bio-granola-laventura-350g\/","name":"Bio Granola L\u2019Aventura 350g &#8211; Gran&#039;Hola","isPartOf":{"@id":"https:\/\/gran-hola.ch\/de\/#website"},"primaryImageOfPage":{"@id":"https:\/\/gran-hola.ch\/de\/produkt\/bio-granola-laventura-350g\/#primaryimage"},"image":{"@id":"https:\/\/gran-hola.ch\/de\/produkt\/bio-granola-laventura-350g\/#primaryimage"},"thumbnailUrl":"https:\/\/i0.wp.com\/gran-hola.ch\/wp-content\/uploads\/2022\/05\/photo-webshop-laventura-350g00001.jpg?fit=2048%2C2048&ssl=1","datePublished":"2021-09-10T09:13:20+00:00","dateModified":"2023-10-31T09:57:36+00:00","description":"Ein biologisches und glutenfreies Granola Crunchy und Natur. Eine Cashew-Vanille-Mischung, reich an Ballaststoffen und Proteinen, perfekt f\u00fcr ein gesundes und leckeres Fr\u00fchst\u00fcck!","breadcrumb":{"@id":"https:\/\/gran-hola.ch\/de\/produkt\/bio-granola-laventura-350g\/#breadcrumb"},"inLanguage":"de","potentialAction":[{"@type":"ReadAction","target":["https:\/\/gran-hola.ch\/de\/produkt\/bio-granola-laventura-350g\/"]}]},{"@type":"ImageObject","inLanguage":"de","@id":"https:\/\/gran-hola.ch\/de\/produkt\/bio-granola-laventura-350g\/#primaryimage","url":"https:\/\/i0.wp.com\/gran-hola.ch\/wp-content\/uploads\/2022\/05\/photo-webshop-laventura-350g00001.jpg?fit=2048%2C2048&ssl=1","contentUrl":"https:\/\/i0.wp.com\/gran-hola.ch\/wp-content\/uploads\/2022\/05\/photo-webshop-laventura-350g00001.jpg?fit=2048%2C2048&ssl=1","width":2048,"height":2048},{"@type":"BreadcrumbList","@id":"https:\/\/gran-hola.ch\/de\/produkt\/bio-granola-laventura-350g\/#breadcrumb","itemListElement":[{"@type":"ListItem","position":1,"name":"Accueil","item":"https:\/\/gran-hola.ch\/de\/"},{"@type":"ListItem","position":2,"name":"Shop","item":"https:\/\/gran-hola.ch\/de\/shop\/"},{"@type":"ListItem","position":3,"name":"Bio Granola L\u2019Aventura 350g"}]},{"@type":"WebSite","@id":"https:\/\/gran-hola.ch\/de\/#website","url":"https:\/\/gran-hola.ch\/de\/","name":"Gran&#039;Hola","description":"Granola artisanal, bio et sans gluten","publisher":{"@id":"https:\/\/gran-hola.ch\/de\/#organization"},"potentialAction":[{"@type":"SearchAction","target":{"@type":"EntryPoint","urlTemplate":"https:\/\/gran-hola.ch\/de\/?s={search_term_string}"},"query-input":{"@type":"PropertyValueSpecification","valueRequired":true,"valueName":"search_term_string"}}],"inLanguage":"de"},{"@type":"Organization","@id":"https:\/\/gran-hola.ch\/de\/#organization","name":"Gran'Hola","url":"https:\/\/gran-hola.ch\/de\/","logo":{"@type":"ImageObject","inLanguage":"de","@id":"https:\/\/gran-hola.ch\/de\/#\/schema\/logo\/image\/","url":"https:\/\/gran-hola.ch\/wp-content\/uploads\/2020\/04\/logo-granola-new.png","contentUrl":"https:\/\/gran-hola.ch\/wp-content\/uploads\/2020\/04\/logo-granola-new.png","width":340,"height":296,"caption":"Gran'Hola"},"image":{"@id":"https:\/\/gran-hola.ch\/de\/#\/schema\/logo\/image\/"},"sameAs":["https:\/\/www.facebook.com\/granhola.ch\/","https:\/\/www.instagram.com\/granhola.ch\/","https:\/\/www.linkedin.com\/company\/gran-hola\/"]}]}},"jetpack_sharing_enabled":true,"_links":{"self":[{"href":"https:\/\/gran-hola.ch\/de\/wp-json\/wp\/v2\/product\/3473","targetHints":{"allow":["GET"]}}],"collection":[{"href":"https:\/\/gran-hola.ch\/de\/wp-json\/wp\/v2\/product"}],"about":[{"href":"https:\/\/gran-hola.ch\/de\/wp-json\/wp\/v2\/types\/product"}],"replies":[{"embeddable":true,"href":"https:\/\/gran-hola.ch\/de\/wp-json\/wp\/v2\/comments?post=3473"}],"wp:featuredmedia":[{"embeddable":true,"href":"https:\/\/gran-hola.ch\/de\/wp-json\/wp\/v2\/media\/3810"}],"wp:attachment":[{"href":"https:\/\/gran-hola.ch\/de\/wp-json\/wp\/v2\/media?parent=3473"}],"wp:term":[{"taxonomy":"product_brand","embeddable":true,"href":"https:\/\/gran-hola.ch\/de\/wp-json\/wp\/v2\/product_brand?post=3473"},{"taxonomy":"product_cat","embeddable":true,"href":"https:\/\/gran-hola.ch\/de\/wp-json\/wp\/v2\/product_cat?post=3473"},{"taxonomy":"product_tag","embeddable":true,"href":"https:\/\/gran-hola.ch\/de\/wp-json\/wp\/v2\/product_tag?post=3473"},{"taxonomy":"giftcard-category","embeddable":true,"href":"https:\/\/gran-hola.ch\/de\/wp-json\/wp\/v2\/giftcard-category?post=3473"}],"curies":[{"name":"wp","href":"https:\/\/api.w.org\/{rel}","templated":true}]}}