{"id":3533,"date":"2020-04-24T12:21:17","date_gmt":"2020-04-24T10:21:17","guid":{"rendered":"https:\/\/gran-hola.ch\/haendler\/"},"modified":"2022-03-10T15:08:10","modified_gmt":"2022-03-10T14:08:10","slug":"haendler","status":"publish","type":"page","link":"https:\/\/gran-hola.ch\/de\/haendler\/","title":{"rendered":"H\u00e4ndler"},"content":{"rendered":"\n<p class=\"has-text-align-center\">Unsere Produkte gibt es an mehreren Orten. Du die vollst\u00e4ndige Liste unserer aktuellen H\u00e4ndler.<\/p>\n\n<p class=\"has-text-align-center\"><strong>M\u00f6chtest Du ein H\u00e4ndler werden?<\/strong><\/p>\n\n<div class=\"wp-block-buttons aligncenter is-layout-flex wp-block-buttons-is-layout-flex\">\n<div class=\"wp-block-button\"><a class=\"wp-block-button__link\" href=\"https:\/\/gran-hola.ch\/de\/?page_id=3406\">Spring auf den Zug auf \u2013 kontaktiere uns jetzt<\/a><\/div>\n<\/div>\n","protected":false},"excerpt":{"rendered":"<p>Unsere Produkte gibt es an mehreren Orten. Du die vollst\u00e4ndige Liste unserer aktuellen H\u00e4ndler. M\u00f6chtest Du ein H\u00e4ndler werden?<\/p>\n","protected":false},"author":1,"featured_media":0,"parent":0,"menu_order":0,"comment_status":"closed","ping_status":"closed","template":"templates\/page-resellers.php","meta":{"_acf_changed":false,"footnotes":""},"class_list":["post-3533","page","type-page","status-publish","hentry"],"acf":[],"yoast_head":"<!-- This site is optimized with the Yoast SEO plugin v27.4 - https:\/\/yoast.com\/product\/yoast-seo-wordpress\/ -->\n<title>H\u00e4ndler &#8211; Gran&#039;Hola<\/title>\n<meta name=\"description\" content=\"Du granola bio, sans gluten et vegan fabriqu\u00e9 \u00e0 Bienne en Suisse. Sans sucre ajout\u00e9 et snack 100% naturels.\" \/>\n<meta name=\"robots\" content=\"index, follow, max-snippet:-1, max-image-preview:large, max-video-preview:-1\" \/>\n<link rel=\"canonical\" href=\"https:\/\/gran-hola.ch\/de\/haendler\/\" \/>\n<meta property=\"og:locale\" content=\"de_DE\" \/>\n<meta property=\"og:type\" content=\"article\" \/>\n<meta property=\"og:title\" content=\"H\u00e4ndler &#8211; Gran&#039;Hola\" \/>\n<meta property=\"og:description\" content=\"Du granola bio, sans gluten et vegan fabriqu\u00e9 \u00e0 Bienne en Suisse. Sans sucre ajout\u00e9 et snack 100% naturels.\" \/>\n<meta property=\"og:url\" content=\"https:\/\/gran-hola.ch\/de\/haendler\/\" \/>\n<meta property=\"og:site_name\" content=\"Gran&#039;Hola\" \/>\n<meta property=\"article:publisher\" content=\"https:\/\/www.facebook.com\/granhola.ch\/\" \/>\n<meta property=\"article:modified_time\" content=\"2022-03-10T14:08:10+00:00\" \/>\n<meta property=\"og:image\" content=\"https:\/\/i0.wp.com\/gran-hola.ch\/wp-content\/uploads\/2020\/04\/IMG_9157.jpg?fit=2048%2C1365&ssl=1\" \/>\n\t<meta property=\"og:image:width\" content=\"2048\" \/>\n\t<meta property=\"og:image:height\" content=\"1365\" \/>\n\t<meta property=\"og:image:type\" content=\"image\/jpeg\" \/>\n<meta name=\"twitter:card\" content=\"summary_large_image\" \/>\n<script type=\"application\/ld+json\" class=\"yoast-schema-graph\">{\"@context\":\"https:\\\/\\\/schema.org\",\"@graph\":[{\"@type\":\"WebPage\",\"@id\":\"https:\\\/\\\/gran-hola.ch\\\/de\\\/haendler\\\/\",\"url\":\"https:\\\/\\\/gran-hola.ch\\\/de\\\/haendler\\\/\",\"name\":\"H\u00e4ndler &#8211; Gran&#039;Hola\",\"isPartOf\":{\"@id\":\"https:\\\/\\\/gran-hola.ch\\\/de\\\/#website\"},\"datePublished\":\"2020-04-24T10:21:17+00:00\",\"dateModified\":\"2022-03-10T14:08:10+00:00\",\"description\":\"Du granola bio, sans gluten et vegan fabriqu\u00e9 \u00e0 Bienne en Suisse. Sans sucre ajout\u00e9 et snack 100% naturels.\",\"breadcrumb\":{\"@id\":\"https:\\\/\\\/gran-hola.ch\\\/de\\\/haendler\\\/#breadcrumb\"},\"inLanguage\":\"de\",\"potentialAction\":[{\"@type\":\"ReadAction\",\"target\":[\"https:\\\/\\\/gran-hola.ch\\\/de\\\/haendler\\\/\"]}]},{\"@type\":\"BreadcrumbList\",\"@id\":\"https:\\\/\\\/gran-hola.ch\\\/de\\\/haendler\\\/#breadcrumb\",\"itemListElement\":[{\"@type\":\"ListItem\",\"position\":1,\"name\":\"Accueil\",\"item\":\"https:\\\/\\\/gran-hola.ch\\\/de\\\/\"},{\"@type\":\"ListItem\",\"position\":2,\"name\":\"H\u00e4ndler\"}]},{\"@type\":\"WebSite\",\"@id\":\"https:\\\/\\\/gran-hola.ch\\\/de\\\/#website\",\"url\":\"https:\\\/\\\/gran-hola.ch\\\/de\\\/\",\"name\":\"Gran&#039;Hola\",\"description\":\"Granola artisanal, bio et sans gluten\",\"publisher\":{\"@id\":\"https:\\\/\\\/gran-hola.ch\\\/de\\\/#organization\"},\"potentialAction\":[{\"@type\":\"SearchAction\",\"target\":{\"@type\":\"EntryPoint\",\"urlTemplate\":\"https:\\\/\\\/gran-hola.ch\\\/de\\\/?s={search_term_string}\"},\"query-input\":{\"@type\":\"PropertyValueSpecification\",\"valueRequired\":true,\"valueName\":\"search_term_string\"}}],\"inLanguage\":\"de\"},{\"@type\":\"Organization\",\"@id\":\"https:\\\/\\\/gran-hola.ch\\\/de\\\/#organization\",\"name\":\"Gran'Hola\",\"url\":\"https:\\\/\\\/gran-hola.ch\\\/de\\\/\",\"logo\":{\"@type\":\"ImageObject\",\"inLanguage\":\"de\",\"@id\":\"https:\\\/\\\/gran-hola.ch\\\/de\\\/#\\\/schema\\\/logo\\\/image\\\/\",\"url\":\"https:\\\/\\\/gran-hola.ch\\\/wp-content\\\/uploads\\\/2020\\\/04\\\/logo-granola-new.png\",\"contentUrl\":\"https:\\\/\\\/gran-hola.ch\\\/wp-content\\\/uploads\\\/2020\\\/04\\\/logo-granola-new.png\",\"width\":340,\"height\":296,\"caption\":\"Gran'Hola\"},\"image\":{\"@id\":\"https:\\\/\\\/gran-hola.ch\\\/de\\\/#\\\/schema\\\/logo\\\/image\\\/\"},\"sameAs\":[\"https:\\\/\\\/www.facebook.com\\\/granhola.ch\\\/\",\"https:\\\/\\\/www.instagram.com\\\/granhola.ch\\\/\",\"https:\\\/\\\/www.linkedin.com\\\/company\\\/gran-hola\\\/\"]}]}<\/script>\n<!-- \/ Yoast SEO plugin. -->","yoast_head_json":{"title":"H\u00e4ndler &#8211; Gran&#039;Hola","description":"Du granola bio, sans gluten et vegan fabriqu\u00e9 \u00e0 Bienne en Suisse. Sans sucre ajout\u00e9 et snack 100% naturels.","robots":{"index":"index","follow":"follow","max-snippet":"max-snippet:-1","max-image-preview":"max-image-preview:large","max-video-preview":"max-video-preview:-1"},"canonical":"https:\/\/gran-hola.ch\/de\/haendler\/","og_locale":"de_DE","og_type":"article","og_title":"H\u00e4ndler &#8211; Gran&#039;Hola","og_description":"Du granola bio, sans gluten et vegan fabriqu\u00e9 \u00e0 Bienne en Suisse. Sans sucre ajout\u00e9 et snack 100% naturels.","og_url":"https:\/\/gran-hola.ch\/de\/haendler\/","og_site_name":"Gran&#039;Hola","article_publisher":"https:\/\/www.facebook.com\/granhola.ch\/","article_modified_time":"2022-03-10T14:08:10+00:00","og_image":[{"width":2048,"height":1365,"url":"https:\/\/i0.wp.com\/gran-hola.ch\/wp-content\/uploads\/2020\/04\/IMG_9157.jpg?fit=2048%2C1365&ssl=1","type":"image\/jpeg"}],"twitter_card":"summary_large_image","schema":{"@context":"https:\/\/schema.org","@graph":[{"@type":"WebPage","@id":"https:\/\/gran-hola.ch\/de\/haendler\/","url":"https:\/\/gran-hola.ch\/de\/haendler\/","name":"H\u00e4ndler &#8211; Gran&#039;Hola","isPartOf":{"@id":"https:\/\/gran-hola.ch\/de\/#website"},"datePublished":"2020-04-24T10:21:17+00:00","dateModified":"2022-03-10T14:08:10+00:00","description":"Du granola bio, sans gluten et vegan fabriqu\u00e9 \u00e0 Bienne en Suisse. Sans sucre ajout\u00e9 et snack 100% naturels.","breadcrumb":{"@id":"https:\/\/gran-hola.ch\/de\/haendler\/#breadcrumb"},"inLanguage":"de","potentialAction":[{"@type":"ReadAction","target":["https:\/\/gran-hola.ch\/de\/haendler\/"]}]},{"@type":"BreadcrumbList","@id":"https:\/\/gran-hola.ch\/de\/haendler\/#breadcrumb","itemListElement":[{"@type":"ListItem","position":1,"name":"Accueil","item":"https:\/\/gran-hola.ch\/de\/"},{"@type":"ListItem","position":2,"name":"H\u00e4ndler"}]},{"@type":"WebSite","@id":"https:\/\/gran-hola.ch\/de\/#website","url":"https:\/\/gran-hola.ch\/de\/","name":"Gran&#039;Hola","description":"Granola artisanal, bio et sans gluten","publisher":{"@id":"https:\/\/gran-hola.ch\/de\/#organization"},"potentialAction":[{"@type":"SearchAction","target":{"@type":"EntryPoint","urlTemplate":"https:\/\/gran-hola.ch\/de\/?s={search_term_string}"},"query-input":{"@type":"PropertyValueSpecification","valueRequired":true,"valueName":"search_term_string"}}],"inLanguage":"de"},{"@type":"Organization","@id":"https:\/\/gran-hola.ch\/de\/#organization","name":"Gran'Hola","url":"https:\/\/gran-hola.ch\/de\/","logo":{"@type":"ImageObject","inLanguage":"de","@id":"https:\/\/gran-hola.ch\/de\/#\/schema\/logo\/image\/","url":"https:\/\/gran-hola.ch\/wp-content\/uploads\/2020\/04\/logo-granola-new.png","contentUrl":"https:\/\/gran-hola.ch\/wp-content\/uploads\/2020\/04\/logo-granola-new.png","width":340,"height":296,"caption":"Gran'Hola"},"image":{"@id":"https:\/\/gran-hola.ch\/de\/#\/schema\/logo\/image\/"},"sameAs":["https:\/\/www.facebook.com\/granhola.ch\/","https:\/\/www.instagram.com\/granhola.ch\/","https:\/\/www.linkedin.com\/company\/gran-hola\/"]}]}},"jetpack_sharing_enabled":true,"_links":{"self":[{"href":"https:\/\/gran-hola.ch\/de\/wp-json\/wp\/v2\/pages\/3533","targetHints":{"allow":["GET"]}}],"collection":[{"href":"https:\/\/gran-hola.ch\/de\/wp-json\/wp\/v2\/pages"}],"about":[{"href":"https:\/\/gran-hola.ch\/de\/wp-json\/wp\/v2\/types\/page"}],"author":[{"embeddable":true,"href":"https:\/\/gran-hola.ch\/de\/wp-json\/wp\/v2\/users\/1"}],"replies":[{"embeddable":true,"href":"https:\/\/gran-hola.ch\/de\/wp-json\/wp\/v2\/comments?post=3533"}],"version-history":[{"count":1,"href":"https:\/\/gran-hola.ch\/de\/wp-json\/wp\/v2\/pages\/3533\/revisions"}],"predecessor-version":[{"id":3534,"href":"https:\/\/gran-hola.ch\/de\/wp-json\/wp\/v2\/pages\/3533\/revisions\/3534"}],"wp:attachment":[{"href":"https:\/\/gran-hola.ch\/de\/wp-json\/wp\/v2\/media?parent=3533"}],"curies":[{"name":"wp","href":"https:\/\/api.w.org\/{rel}","templated":true}]}}